{"id":22,"date":"2020-09-18T16:12:33","date_gmt":"2020-09-18T14:12:33","guid":{"rendered":"https:\/\/doctorado.lst.tfo.upm.es\/?page_id=22"},"modified":"2020-11-24T13:45:56","modified_gmt":"2020-11-24T11:45:56","slug":"contacto","status":"publish","type":"page","link":"https:\/\/doctorado.lst.tfo.upm.es\/gb\/contacto\/","title":{"rendered":"Contacto1"},"content":{"rendered":"<div id=\"pl-22\"  class=\"panel-layout\" ><div id=\"pg-22-0\"  class=\"panel-grid panel-has-style\" ><div class=\"siteorigin-panels-stretch panel-row-style panel-row-style-for-22-0\" data-stretch-type=\"full-stretched\" ><div id=\"pgc-22-0-0\"  class=\"panel-grid-cell\" ><div id=\"panel-22-0-0-0\" class=\"so-panel widget widget_media_image panel-first-child panel-last-child\" data-index=\"0\" ><a href=\"http:\/\/www.etsit.upm.es\/estudios\/doctorado\/programas-de-doctorado.html\"><img width=\"300\" height=\"94\" src=\"https:\/\/doctorado.lst.tfo.upm.es\/wp-content\/uploads\/2020\/09\/logo_etsit-300x94.png\" class=\"image wp-image-188  attachment-medium size-medium\" alt=\"\" loading=\"lazy\" style=\"max-width: 100%; height: auto;\" srcset=\"https:\/\/doctorado.lst.tfo.upm.es\/wp-content\/uploads\/2020\/09\/logo_etsit-300x94.png 300w, https:\/\/doctorado.lst.tfo.upm.es\/wp-content\/uploads\/2020\/09\/logo_etsit-1024x320.png 1024w, https:\/\/doctorado.lst.tfo.upm.es\/wp-content\/uploads\/2020\/09\/logo_etsit-768x240.png 768w, https:\/\/doctorado.lst.tfo.upm.es\/wp-content\/uploads\/2020\/09\/logo_etsit-1536x480.png 1536w, https:\/\/doctorado.lst.tfo.upm.es\/wp-content\/uploads\/2020\/09\/logo_etsit-2048x640.png 2048w, https:\/\/doctorado.lst.tfo.upm.es\/wp-content\/uploads\/2020\/09\/logo_etsit-830x259.png 830w, https:\/\/doctorado.lst.tfo.upm.es\/wp-content\/uploads\/2020\/09\/logo_etsit-230x72.png 230w, https:\/\/doctorado.lst.tfo.upm.es\/wp-content\/uploads\/2020\/09\/logo_etsit-350x109.png 350w, https:\/\/doctorado.lst.tfo.upm.es\/wp-content\/uploads\/2020\/09\/logo_etsit-480x150.png 480w\" sizes=\"(max-width: 300px) 100vw, 300px\" \/><\/a><\/div><\/div><div id=\"pgc-22-0-1\"  class=\"panel-grid-cell\" ><div class=\"panel-cell-style panel-cell-style-for-22-0-1\" ><div id=\"panel-22-0-1-0\" class=\"so-panel widget widget_sow-editor panel-first-child panel-last-child\" data-index=\"1\" ><div class=\"so-widget-sow-editor so-widget-sow-editor-base\">\n<div class=\"siteorigin-widget-tinymce textwidget\">\n\t<p style=\"text-align: justify;\">Todos las solicitudes son tramitadas por la Comisi\u00f3n del Programa de Doctorado en Ingenier\u00eda Biom\u00e9dica (CAPDIB).<\/p>\n<p style=\"text-align: justify;\"><b>La CAPDIB se re\u00fane sin periodicidad fija<\/b>\u00a0sino cuando es necesario por tener conocimiento de solicitudes de estudiantes o docentes o por otras causas.<\/p>\n<p style=\"text-align: justify;\">Todas las solicitudes de tramitaci\u00f3n ordinaria, extraordinaria o solicitudes de informaci\u00f3n deben dirigirse a la siguiente direcci\u00f3n, preferentemente utilizando el corro electr\u00f3nico:<\/p>\n<ul style=\"text-align: justify;\">\n<li><strong>Coordinadora del Programa de Doctorado<\/strong>: Prof. Mar\u00eda Teresa Arredondo Waldmeyer<\/li>\n<li><strong>Secretario del Programa de Doctorado<\/strong>: Prof. Jos\u00e9 Javier Serrano Olmedo<\/li>\n<\/ul>\n<p style=\"text-align: justify;\"><strong>Email<\/strong>: \u00a0<a tabindex=\"-1\" href=\"mailto:pd.ingbiomed@upm.es\" target=\"_blank\" rel=\"external nofollow noopener noreferrer\">pd.ingbiomed@upm.es<\/a><\/p>\n<p style=\"text-align: justify;\"><strong>Tel:<\/strong>\u00a0<strong>(+34) 913 364 645, (+34) 913 367 217<\/strong><strong><br \/>\n<\/strong><\/p>\n<p style=\"text-align: justify;\"><strong>Direcci\u00f3n postal<\/strong><br \/>\nJos\u00e9 Javier Serrano Olmedo<br \/>\n<em>Secretario de la CAPIB<\/em><br \/>\n<em>L307, Edificio A,<\/em><br \/>\n<em>ETSIT,<\/em><br \/>\n<em>Ciudad Universitaria n\u00ba 30,<\/em><br \/>\n<em>28040 Madrid (SPAIN)<\/em><\/p>\n<p style=\"text-align: justify;\">\n<\/div>\n<\/div><\/div><\/div><\/div><\/div><\/div><\/div>","protected":false},"excerpt":{"rendered":"<p>Todos las solicitudes son tramitadas por la Comisi\u00f3n del Programa de Doctorado en Ingenier\u00eda Biom\u00e9dica (CAPDIB). La CAPDIB se re\u00fane sin periodicidad fija\u00a0sino cuando es necesario por tener conocimiento de solicitudes de estudiantes o docentes o por otras causas. Todas las solicitudes de tramitaci\u00f3n ordinaria, extraordinaria o solicitudes de informaci\u00f3n deben dirigirse a la siguiente [&hellip;]<\/p>\n","protected":false},"author":1,"featured_media":0,"parent":0,"menu_order":0,"comment_status":"closed","ping_status":"closed","template":"page-templates\/page_fullwidth.php","meta":[],"translation":{"provider":"WPGlobus","version":"2.7.6","language":"gb","enabled_languages":["es","gb"],"languages":{"es":{"title":true,"content":true,"excerpt":false},"gb":{"title":false,"content":false,"excerpt":false}}},"_links":{"self":[{"href":"https:\/\/doctorado.lst.tfo.upm.es\/gb\/wp-json\/wp\/v2\/pages\/22"}],"collection":[{"href":"https:\/\/doctorado.lst.tfo.upm.es\/gb\/wp-json\/wp\/v2\/pages"}],"about":[{"href":"https:\/\/doctorado.lst.tfo.upm.es\/gb\/wp-json\/wp\/v2\/types\/page"}],"author":[{"embeddable":true,"href":"https:\/\/doctorado.lst.tfo.upm.es\/gb\/wp-json\/wp\/v2\/users\/1"}],"replies":[{"embeddable":true,"href":"https:\/\/doctorado.lst.tfo.upm.es\/gb\/wp-json\/wp\/v2\/comments?post=22"}],"version-history":[{"count":10,"href":"https:\/\/doctorado.lst.tfo.upm.es\/gb\/wp-json\/wp\/v2\/pages\/22\/revisions"}],"predecessor-version":[{"id":550,"href":"https:\/\/doctorado.lst.tfo.upm.es\/gb\/wp-json\/wp\/v2\/pages\/22\/revisions\/550"}],"wp:attachment":[{"href":"https:\/\/doctorado.lst.tfo.upm.es\/gb\/wp-json\/wp\/v2\/media?parent=22"}],"curies":[{"name":"wp","href":"https:\/\/api.w.org\/{rel}","templated":true}]}}