{"id":31,"date":"2020-09-18T17:00:52","date_gmt":"2020-09-18T15:00:52","guid":{"rendered":"https:\/\/doctorado.lst.tfo.upm.es\/?page_id=31"},"modified":"2020-12-23T14:37:08","modified_gmt":"2020-12-23T12:37:08","slug":"objetivos-y-garantia-de-calidad","status":"publish","type":"page","link":"https:\/\/doctorado.lst.tfo.upm.es\/gb\/objetivos-y-garantia-de-calidad\/","title":{"rendered":"Objetivos y Garant\u00eda de Calidad"},"content":{"rendered":"<div id=\"pl-gb31-69eacdf986ebc\"  class=\"panel-layout\" ><div id=\"pg-gb31-69eacdf986ebc-0\"  class=\"panel-grid panel-has-style\" ><div class=\"panel-row-style panel-row-style-for-gb31-69eacdf986ebc-0\" ><div id=\"pgc-gb31-69eacdf986ebc-0-0\"  class=\"panel-grid-cell\" ><div id=\"left-side-objetivos\" class=\"panel-cell-style panel-cell-style-for-gb31-69eacdf986ebc-0-0\" ><div id=\"panel-gb31-69eacdf986ebc-0-0-0\" class=\"so-panel widget widget_sow-image panel-first-child\" data-index=\"0\" ><div class=\"so-widget-sow-image so-widget-sow-image-default-d6014b76747a-31\">\n\n<div class=\"sow-image-container\">\n<a href=\"http:\/\/www.etsit.upm.es\/estudios\/doctorado\/programas-de-doctorado.html\" target=\"_blank\" rel=\"noopener noreferrer\" >\t<img src=\"https:\/\/doctorado.lst.tfo.upm.es\/wp-content\/uploads\/2020\/09\/logo_etsit.png\" width=\"2940\" height=\"919\" srcset=\"https:\/\/doctorado.lst.tfo.upm.es\/wp-content\/uploads\/2020\/09\/logo_etsit.png 2940w, https:\/\/doctorado.lst.tfo.upm.es\/wp-content\/uploads\/2020\/09\/logo_etsit-300x94.png 300w, https:\/\/doctorado.lst.tfo.upm.es\/wp-content\/uploads\/2020\/09\/logo_etsit-1024x320.png 1024w, https:\/\/doctorado.lst.tfo.upm.es\/wp-content\/uploads\/2020\/09\/logo_etsit-768x240.png 768w, https:\/\/doctorado.lst.tfo.upm.es\/wp-content\/uploads\/2020\/09\/logo_etsit-1536x480.png 1536w, https:\/\/doctorado.lst.tfo.upm.es\/wp-content\/uploads\/2020\/09\/logo_etsit-2048x640.png 2048w, https:\/\/doctorado.lst.tfo.upm.es\/wp-content\/uploads\/2020\/09\/logo_etsit-830x259.png 830w, https:\/\/doctorado.lst.tfo.upm.es\/wp-content\/uploads\/2020\/09\/logo_etsit-230x72.png 230w, https:\/\/doctorado.lst.tfo.upm.es\/wp-content\/uploads\/2020\/09\/logo_etsit-350x109.png 350w, https:\/\/doctorado.lst.tfo.upm.es\/wp-content\/uploads\/2020\/09\/logo_etsit-480x150.png 480w\" sizes=\"(max-width: 2940px) 100vw, 2940px\" alt=\"\" loading=\"lazy\" \t\tclass=\"so-widget-image\"\/>\n<\/a><\/div>\n\n<\/div><\/div><div id=\"panel-gb31-69eacdf986ebc-0-0-1\" class=\"so-panel widget widget_nav_menu panel-last-child\" data-index=\"1\" ><div id=\"left-menu-objetivos-menu\" class=\"panel-widget-style panel-widget-style-for-gb31-69eacdf986ebc-0-0-1\" ><div class=\"menu-left-menu-container\"><ul id=\"menu-left-menu\" class=\"menu\"><li id=\"menu-item-236\" class=\"menu-item menu-item-type-post_type menu-item-object-page menu-item-236\"><a href=\"https:\/\/doctorado.lst.tfo.upm.es\/gb\/objetivos-y-garantia-de-calidad\/\">Objetivos y Calidad<\/a><\/li>\n<li id=\"menu-item-235\" class=\"menu-item menu-item-type-post_type menu-item-object-page menu-item-235\"><a href=\"https:\/\/doctorado.lst.tfo.upm.es\/gb\/acceso-y-admision\/\">Acceso y Admisi\u00f3n<\/a><\/li>\n<li id=\"menu-item-233\" class=\"menu-item menu-item-type-post_type menu-item-object-page menu-item-233\"><a href=\"https:\/\/doctorado.lst.tfo.upm.es\/gb\/lineas-de-investigacion\/\">L\u00edneas de investigaci\u00f3n<\/a><\/li>\n<li id=\"menu-item-234\" class=\"menu-item menu-item-type-post_type menu-item-object-page menu-item-234\"><a href=\"https:\/\/doctorado.lst.tfo.upm.es\/gb\/tesis-doctoral\/\">Tesis Doctoral<\/a><\/li>\n<li id=\"menu-item-232\" class=\"menu-item menu-item-type-post_type menu-item-object-page menu-item-232\"><a href=\"https:\/\/doctorado.lst.tfo.upm.es\/gb\/coordinacion\/\">Coordinaci\u00f3n<\/a><\/li>\n<li id=\"menu-item-231\" class=\"menu-item menu-item-type-post_type menu-item-object-page menu-item-231\"><a href=\"https:\/\/doctorado.lst.tfo.upm.es\/gb\/informacion-adicional\/\">Informaci\u00f3n adicional<\/a><\/li>\n<\/ul><\/div><\/div><\/div><\/div><\/div><div id=\"pgc-gb31-69eacdf986ebc-0-1\"  class=\"panel-grid-cell\" ><div class=\"panel-cell-style panel-cell-style-for-gb31-69eacdf986ebc-0-1\" ><div id=\"panel-gb31-69eacdf986ebc-0-1-0\" class=\"so-panel widget widget_sow-editor panel-first-child\" data-index=\"2\" ><div class=\"panel-widget-style panel-widget-style-for-gb31-69eacdf986ebc-0-1-0\" ><div class=\"so-widget-sow-editor so-widget-sow-editor-base\">\n<div class=\"siteorigin-widget-tinymce textwidget\">\n\t<h4 style=\"text-align: justify;\">Objetivos<\/h4>\n<p style=\"text-align: justify;\">Este T\u00edtulo Oficial de Doctorado procede del Programa Oficial de Doctorado en <b>Ingenier\u00eda Biom\u00e9dica<\/b>\u00a0de la Universidad Polit\u00e9cnica de Madrid (UPM), que ha obtenido la\u00a0<b>Menci\u00f3n hacia la Excelencia<\/b>\u00a0en 2011, referencia MEE2011-0232 (BOE 20 de octubre de 2011), as\u00ed como del programa de Ingenier\u00eda Biom\u00e9dica de la UPM que obtuvo la Menci\u00f3n de calidad en 2005, referencia MCD2005-00355 (BOE 14 julio 2005).<\/p>\n<p style=\"text-align: justify;\">Los antecedentes de estos dos programas de doctorado se remontan al curso 1986-1998 en el que se inici\u00f3 el programa de doctorado de Ingenier\u00eda Biom\u00e9dica y Tecnolog\u00eda Sanitaria en la ETSI de Telecomunicaci\u00f3n de la UPM. En el a\u00f1o 2006 se reestructur\u00f3 el programa de doctorado y se convirti\u00f3 en un programa multicentro en el que participaban departamentos de distintos centros de la UPM con actividades de investigaci\u00f3n en Ingenier\u00eda Biom\u00e9dica.<\/p>\n<p style=\"text-align: justify;\">En la actualidad el programa de doctorado cuenta con profesores y con la participaci\u00f3n de expertos de diferentes disciplinas, no solo del mundo de la ingenier\u00eda sino tambi\u00e9n de otros campos relacionados con la biolog\u00eda y la medicina. El programa de\u00a0<b>Ingenier\u00eda Biom\u00e9dica<\/b>\u00a0incluye gran parte de los profesores activos en investigaci\u00f3n en Ingenier\u00eda Biom\u00e9dica de diferentes Centros de la Universidad Polit\u00e9cnica de Madrid, pertenecientes a diferentes Departamentos: Tecnolog\u00eda Fot\u00f3nica y Bioingenier\u00eda, Ingenier\u00eda Electr\u00f3nica, Tecnolog\u00eda Electr\u00f3nica, Inteligencia Artificial, Ciencias de Materiales, Mec\u00e1nica de Medios Continuos y Teor\u00eda de Estructuras, Lenguajes y Sistemas Inform\u00e1ticos e Ingenier\u00eda de Software, F\u00edsica Aplicada a las tecnolog\u00edas de la Informaci\u00f3n. Este programa es adem\u00e1s la herramienta principal para la formaci\u00f3n de los investigadores del\u00a0Centro de Tecnolog\u00eda Biom\u00e9dica (CTB)\u00a0de la UPM.<\/p>\n<\/div>\n<\/div><\/div><\/div><div id=\"panel-gb31-69eacdf986ebc-0-1-1\" class=\"so-panel widget widget_sow-editor\" data-index=\"3\" ><div class=\"panel-widget-style panel-widget-style-for-gb31-69eacdf986ebc-0-1-1\" ><div class=\"so-widget-sow-editor so-widget-sow-editor-base\">\n<div class=\"siteorigin-widget-tinymce textwidget\">\n\t<h4 style=\"text-align: justify;\">Internacionalizaci\u00f3n<\/h4>\n<p style=\"text-align: justify;\">El programa desde sus or\u00edgenes ha prestado un especial inter\u00e9s a la internacionalizaci\u00f3n y promueve colaboraciones con diferentes grupos de reconocido prestigio internacional en los que los alumnos realizan estancias cortas de investigaci\u00f3n.<br \/>\nEl programa de doctorado est\u00e1 integrado en la estrategia de I+D+i de la Universidad Polit\u00e9cnica de Madrid, en concreto con la\u00a0<b>iniciativa Biotech<\/b>. La iniciativa cient\u00edfico-tecnol\u00f3gica BioTech de la UPM nace desde una perspectiva multidisciplinar y abierta en el tiempo y en sus actuaciones. Tiene como objetivo posicionar internacionalmente a esta Universidad en el sector biom\u00e9dico desde la perspectiva del desarrollo y uso de la tecnolog\u00eda. <\/p>\n<p>Para m\u00e1s informaci\u00f3n consultar <a href=\"http:\/\/www.upm.es\/biotech\/\">http:\/\/www.upm.es\/biotech\/<\/a>.<\/p>\n<\/div>\n<\/div><\/div><\/div><div id=\"panel-gb31-69eacdf986ebc-0-1-2\" class=\"so-panel widget widget_sow-editor panel-last-child\" data-index=\"4\" ><div class=\"panel-widget-style panel-widget-style-for-gb31-69eacdf986ebc-0-1-2\" ><div class=\"so-widget-sow-editor so-widget-sow-editor-base\">\n<div class=\"siteorigin-widget-tinymce textwidget\">\n\t<h4>Sistema de Garant\u00eda de Calidad<\/h4>\n<p style=\"text-align: justify;\">El sistema de Garant\u00eda de Calidad del Programa tiene como punto de apoyo el Manual de Calidad de los Centros de la UPM, y se completa con una serie de documentos adicionales como procedimientos, registros y sistemas de informaci\u00f3n. En cada Centro existe un Responsable de Calidad que vela por el cumplimiento de lo dispuesto y sigue la norma de calidad establecida. El Sistema de Garant\u00eda Interna de Calidad tiene como \u00e1mbito de aplicaci\u00f3n el Centro, lo que afectar\u00e1 a todos los t\u00edtulos del mismo.<\/p>\n<p style=\"text-align: justify;\">El sistema de Garant\u00eda de Calidad del programa de doctorado surge del sistema de calidad aplicado en la ETSIT, unidad administrativa dentro de la UPM a la que el programa est\u00e1 adscrito: <a href=\"http:\/\/www.etsit.upm.es\/escuela\/calidad\/descripcion.html\">http:\/\/www.etsit.upm.es\/escuela\/calidad\/descripcion.html<\/a><\/p>\n<\/div>\n<\/div><\/div><\/div><\/div><\/div><\/div><\/div><\/div>","protected":false},"excerpt":{"rendered":"<p>Objetivos Este T\u00edtulo Oficial de Doctorado procede del Programa Oficial de Doctorado en Ingenier\u00eda Biom\u00e9dica\u00a0de la Universidad Polit\u00e9cnica de Madrid (UPM), que ha obtenido la\u00a0Menci\u00f3n hacia la Excelencia\u00a0en 2011, referencia MEE2011-0232 (BOE 20 de octubre de 2011), as\u00ed como del programa de Ingenier\u00eda Biom\u00e9dica de la UPM que obtuvo la Menci\u00f3n de calidad en 2005, [&hellip;]<\/p>\n","protected":false},"author":1,"featured_media":0,"parent":0,"menu_order":0,"comment_status":"closed","ping_status":"closed","template":"page-templates\/page_fullwidth.php","meta":[],"translation":{"provider":"WPGlobus","version":"2.7.6","language":"gb","enabled_languages":["es","gb"],"languages":{"es":{"title":true,"content":true,"excerpt":false},"gb":{"title":false,"content":false,"excerpt":false}}},"_links":{"self":[{"href":"https:\/\/doctorado.lst.tfo.upm.es\/gb\/wp-json\/wp\/v2\/pages\/31"}],"collection":[{"href":"https:\/\/doctorado.lst.tfo.upm.es\/gb\/wp-json\/wp\/v2\/pages"}],"about":[{"href":"https:\/\/doctorado.lst.tfo.upm.es\/gb\/wp-json\/wp\/v2\/types\/page"}],"author":[{"embeddable":true,"href":"https:\/\/doctorado.lst.tfo.upm.es\/gb\/wp-json\/wp\/v2\/users\/1"}],"replies":[{"embeddable":true,"href":"https:\/\/doctorado.lst.tfo.upm.es\/gb\/wp-json\/wp\/v2\/comments?post=31"}],"version-history":[{"count":25,"href":"https:\/\/doctorado.lst.tfo.upm.es\/gb\/wp-json\/wp\/v2\/pages\/31\/revisions"}],"predecessor-version":[{"id":1035,"href":"https:\/\/doctorado.lst.tfo.upm.es\/gb\/wp-json\/wp\/v2\/pages\/31\/revisions\/1035"}],"wp:attachment":[{"href":"https:\/\/doctorado.lst.tfo.upm.es\/gb\/wp-json\/wp\/v2\/media?parent=31"}],"curies":[{"name":"wp","href":"https:\/\/api.w.org\/{rel}","templated":true}]}}