{"id":33,"date":"2020-09-18T17:01:28","date_gmt":"2020-09-18T15:01:28","guid":{"rendered":"https:\/\/doctorado.lst.tfo.upm.es\/?page_id=33"},"modified":"2022-07-19T10:21:08","modified_gmt":"2022-07-19T08:21:08","slug":"acceso-y-admision","status":"publish","type":"page","link":"https:\/\/doctorado.lst.tfo.upm.es\/gb\/acceso-y-admision\/","title":{"rendered":"Acceso y Admisi\u00f3n"},"content":{"rendered":"<div id=\"pl-gb33-6a00be08831c8\"  class=\"panel-layout\" ><div id=\"pg-gb33-6a00be08831c8-0\"  class=\"panel-grid panel-has-style\" ><div class=\"panel-row-style panel-row-style-for-gb33-6a00be08831c8-0\" ><div id=\"pgc-gb33-6a00be08831c8-0-0\"  class=\"panel-grid-cell\" ><div class=\"panel-cell-style panel-cell-style-for-gb33-6a00be08831c8-0-0\" ><div id=\"panel-gb33-6a00be08831c8-0-0-0\" class=\"so-panel widget widget_sow-image panel-first-child\" data-index=\"0\" ><div class=\"so-widget-sow-image so-widget-sow-image-default-d6014b76747a-33\">\n\n<div class=\"sow-image-container\">\n<a href=\"http:\/\/www.etsit.upm.es\/estudios\/doctorado\/programas-de-doctorado.html\" target=\"_blank\" rel=\"noopener noreferrer\" >\t<img src=\"https:\/\/doctorado.lst.tfo.upm.es\/wp-content\/uploads\/2020\/09\/logo_etsit.png\" width=\"2940\" height=\"919\" srcset=\"https:\/\/doctorado.lst.tfo.upm.es\/wp-content\/uploads\/2020\/09\/logo_etsit.png 2940w, https:\/\/doctorado.lst.tfo.upm.es\/wp-content\/uploads\/2020\/09\/logo_etsit-300x94.png 300w, https:\/\/doctorado.lst.tfo.upm.es\/wp-content\/uploads\/2020\/09\/logo_etsit-1024x320.png 1024w, https:\/\/doctorado.lst.tfo.upm.es\/wp-content\/uploads\/2020\/09\/logo_etsit-768x240.png 768w, https:\/\/doctorado.lst.tfo.upm.es\/wp-content\/uploads\/2020\/09\/logo_etsit-1536x480.png 1536w, https:\/\/doctorado.lst.tfo.upm.es\/wp-content\/uploads\/2020\/09\/logo_etsit-2048x640.png 2048w, https:\/\/doctorado.lst.tfo.upm.es\/wp-content\/uploads\/2020\/09\/logo_etsit-830x259.png 830w, https:\/\/doctorado.lst.tfo.upm.es\/wp-content\/uploads\/2020\/09\/logo_etsit-230x72.png 230w, https:\/\/doctorado.lst.tfo.upm.es\/wp-content\/uploads\/2020\/09\/logo_etsit-350x109.png 350w, https:\/\/doctorado.lst.tfo.upm.es\/wp-content\/uploads\/2020\/09\/logo_etsit-480x150.png 480w\" sizes=\"(max-width: 2940px) 100vw, 2940px\" alt=\"\" loading=\"lazy\" \t\tclass=\"so-widget-image\"\/>\n<\/a><\/div>\n\n<\/div><\/div><div id=\"panel-gb33-6a00be08831c8-0-0-1\" class=\"so-panel widget widget_nav_menu panel-last-child\" data-index=\"1\" ><div class=\"menu-left-menu-container\"><ul id=\"menu-left-menu\" class=\"menu\"><li id=\"menu-item-236\" class=\"menu-item menu-item-type-post_type menu-item-object-page menu-item-236\"><a href=\"https:\/\/doctorado.lst.tfo.upm.es\/gb\/objetivos-y-garantia-de-calidad\/\">Objetivos y Calidad<\/a><\/li>\n<li id=\"menu-item-235\" class=\"menu-item menu-item-type-post_type menu-item-object-page menu-item-235\"><a href=\"https:\/\/doctorado.lst.tfo.upm.es\/gb\/acceso-y-admision\/\">Acceso y Admisi\u00f3n<\/a><\/li>\n<li id=\"menu-item-233\" class=\"menu-item menu-item-type-post_type menu-item-object-page menu-item-233\"><a href=\"https:\/\/doctorado.lst.tfo.upm.es\/gb\/lineas-de-investigacion\/\">L\u00edneas de investigaci\u00f3n<\/a><\/li>\n<li id=\"menu-item-234\" class=\"menu-item menu-item-type-post_type menu-item-object-page menu-item-234\"><a href=\"https:\/\/doctorado.lst.tfo.upm.es\/gb\/tesis-doctoral\/\">Tesis Doctoral<\/a><\/li>\n<li id=\"menu-item-232\" class=\"menu-item menu-item-type-post_type menu-item-object-page menu-item-232\"><a href=\"https:\/\/doctorado.lst.tfo.upm.es\/gb\/coordinacion\/\">Coordinaci\u00f3n<\/a><\/li>\n<li id=\"menu-item-231\" class=\"menu-item menu-item-type-post_type menu-item-object-page menu-item-231\"><a href=\"https:\/\/doctorado.lst.tfo.upm.es\/gb\/informacion-adicional\/\">Informaci\u00f3n adicional<\/a><\/li>\n<\/ul><\/div><\/div><\/div><\/div><div id=\"pgc-gb33-6a00be08831c8-0-1\"  class=\"panel-grid-cell\" ><div class=\"panel-cell-style panel-cell-style-for-gb33-6a00be08831c8-0-1\" ><div id=\"panel-gb33-6a00be08831c8-0-1-0\" class=\"so-panel widget widget_sow-editor panel-first-child\" data-index=\"2\" ><div class=\"panel-widget-style panel-widget-style-for-gb33-6a00be08831c8-0-1-0\" ><div class=\"so-widget-sow-editor so-widget-sow-editor-base\">\n<div class=\"siteorigin-widget-tinymce textwidget\">\n\t<div id=\"acceso-div\" style=\"width: 100%\";>\n<div style=\"float: left; width: 15%; height: 100%; padding: 2%; margin-left: 0%; background-color: #fdded5; border-radius: 10px 0px 0px 10px; vertical-align: middle;\"><img loading=\"lazy\" class=\"alignnone size-full wp-image-397\" style=\"margin-top: 2%; margin-left: 2%;\" src=\"https:\/\/doctorado.lst.tfo.upm.es\/wp-content\/uploads\/2020\/10\/atention-icon.png\" alt=\"\" width=\"172\" height=\"210\" \/><\/div>\n<div style=\"float: left; width: 84%; height: 100%; padding: 2%; background-color: #fdded5; border-radius: 0px 10px 10px 0px; margin-bottom: 3%;\">\n<p style=\"text-align: justify; font-size: 1.25em; line-height: 100%; margin-top: 1%; color: #00578a;\"><strong>Accessos r\u00e1pidos<\/strong><\/p>\n\n<ul style=\"text-align: justify; font-size: 1.1em; line-height: 150%; margin-top: 0%; padding-right: 5%;\">\n \t<li><strong>Preinscripci\u00f3n:<\/strong> pincha <a href=\"http:\/\/www.upm.es\/Estudiantes\/Estudios_Titulaciones\/Estudios_Doctorado\" target=\"_blank\" rel=\"noopener noreferrer\">aqu\u00ed<\/a><\/li>\n \t<li><strong>Admisiones aprobadas:<\/strong> Listado disponible <a href=\"https:\/\/doctorado.lst.tfo.upm.es\/wp-content\/uploads\/2022\/07\/Lista-admisiones-PDIB-julio-2022.pdf\" target=\"_blank\" rel=\"noopener noreferrer\">aqu\u00ed<\/a><\/li>\n \t<li><strong>Cupo libre:<\/strong> Como no se ha completado el cupo de este curso, se podr\u00e1n solicitar nuevas admisiones hasta completar la disponibilidad.<\/li>\n<\/ul>\n<\/div>\n<\/div><\/div>\n<\/div><\/div><\/div><div id=\"panel-gb33-6a00be08831c8-0-1-1\" class=\"so-panel widget widget_sow-editor\" data-index=\"3\" ><div class=\"panel-widget-style panel-widget-style-for-gb33-6a00be08831c8-0-1-1\" ><div class=\"so-widget-sow-editor so-widget-sow-editor-base\">\n<div class=\"siteorigin-widget-tinymce textwidget\">\n\t<h4><b>Perfil de ingreso<\/b><\/h4>\n<p style=\"text-align: justify;\">El perfil de ingreso recomendado, Perfil A, es el equivalente a M\u00e1ster en Ingenier\u00eda Biom\u00e9dica -o titulaciones afines- en las que los alumnos adquieran competencias comunes a las que se describen en este apartado. Las capacidades y conocimientos previos que habr\u00e1n adquirido los alumnos con este perfil incluyen conocimientos sobre los sistemas biol\u00f3gicos, fisiopatolog\u00eda, modelado matem\u00e1tico de procesos biol\u00f3gicos, procesamiento de se\u00f1ales e im\u00e1genes m\u00e9dicas, conocimientos sobre equipamiento de monitorizaci\u00f3n, diagn\u00f3stico y terapia en medicina y sistemas de informaci\u00f3n. Todos los alumnos, independientemente de su perfil de ingreso, deber\u00e1n disponer del nivel B2 o superior de lengua inglesa.<\/p>\n<p style=\"text-align: justify;\">No se contempla la obligatoriedad de complementos formativos para los alumnos que sean admitidos con este perfil de ingreso recomendado puesto que han adquirido todas las competencias necesarias.<br \/>\nSe contemplan otros perfiles de ingreso distintos al recomendado puesto que se trata de un programa de doctorado de base tecnol\u00f3gica muy multidisciplinar donde convergen m\u00faltiples \u00e1reas de conocimiento. Por este motivo es conveniente el ingreso de alumnos con perfiles distintos por los conocimientos de base que conllevan, que enriquezcan las actividades de investigaci\u00f3n aportando su espec\u00edfica experticia. Estos perfiles se pueden clasificar del siguiente modo:<\/p>\n<ul style=\"text-align: justify;\">\n<li>Perfil B \u2013 Perfil de Ingenier\u00eda y Ciencias b\u00e1sicas: ingenier\u00eda de telecomunicaci\u00f3n, electr\u00f3nica, inform\u00e1tica, materiales y ciencias f\u00edsicas, exactas o qu\u00edmicas.<\/li>\n<li>Perfil C \u2013 Perfil de Ciencias de la Vida: ciencias biol\u00f3gicas, biotecnolog\u00eda, medicina y neuropsicolog\u00eda<\/li>\n<\/ul>\n<p style=\"text-align: justify;\">Por tanto, en estos perfiles de ingreso distintos del recomendado se consideran las siguientes titulaciones (o titulaciones afines en las que los alumnos adquieran competencias comunes, incluidas las de Ingenieros Superiores con titulaciones previas al EEES siempre que cumplan con los requisitos de acceso). Esta relaci\u00f3n se actualizar\u00e1 seg\u00fan vaya modific\u00e1ndose el mapa de titulaciones:<\/p>\n<\/div>\n<\/div><\/div><\/div><div id=\"panel-gb33-6a00be08831c8-0-1-2\" class=\"so-panel widget widget_sow-accordion\" data-index=\"4\" ><div class=\"panel-widget-style panel-widget-style-for-gb33-6a00be08831c8-0-1-2\" ><div class=\"so-widget-sow-accordion so-widget-sow-accordion-default-fc894559d9be-33\"><div>\n\t<div class=\"sow-accordion\">\n\t\t\t<div class=\"sow-accordion-panel\"\n\t\t\t data-anchor=\"mapa-de-titulaciones\">\n\t\t\t\t<div class=\"sow-accordion-panel-header-container\" role=\"heading\" aria-level=\"2\">\n\t\t\t\t\t<div class=\"sow-accordion-panel-header\" tabindex=\"0\" role=\"button\" id=\"accordion-label-mapa-de-titulaciones\" aria-controls=\"accordion-content-mapa-de-titulaciones\" aria-expanded=\"false\">\n\t\t\t\t\t\t<div class=\"sow-accordion-title sow-accordion-title-icon-left\">\n\t\t\t\t\t\t\t\t\t\t\t\t\t\tMapa de titulaciones\t\t\t\t\t\t\t\t\t\t\t\t\t<\/div>\n\t\t\t\t\t\t<div class=\"sow-accordion-open-close-button\">\n\t\t\t\t\t\t\t<div class=\"sow-accordion-open-button\">\n\t\t\t\t\t\t\t\t<span class=\"sow-icon-ionicons\" data-sow-icon=\"&#xf218;\"\n\t\t ><\/span>\t\t\t\t\t\t\t<\/div>\n\t\t\t\t\t\t\t<div class=\"sow-accordion-close-button\">\n\t\t\t\t\t\t\t\t<span class=\"sow-icon-ionicons\" data-sow-icon=\"&#xf209;\"\n\t\t ><\/span>\t\t\t\t\t\t\t<\/div>\n\t\t\t\t\t\t<\/div>\n\t\t\t\t\t<\/div>\n\t\t\t\t<\/div>\n\n\t\t\t<div class=\"sow-accordion-panel-content\" role=\"region\" aria-labelledby=\"accordion-label-mapa-de-titulaciones\" id=\"accordion-content-mapa-de-titulaciones\">\n\t\t\t\t<div class=\"sow-accordion-panel-border\" tabindex=\"0\">\n\t\t\t\t\t<ul>\n<li>M\u00e1steres en Ingenier\u00eda Biom\u00e9dica<\/li>\n<li>M\u00e1steres en Ingenier\u00eda de Telecomunicaci\u00f3n<\/li>\n<li>M\u00e1steres en Ingenier\u00eda de Materiales<\/li>\n<li>M\u00e1steres en Ciencias de la Computaci\u00f3n e Ingenier\u00eda Inform\u00e1tica<\/li>\n<li>M\u00e1steres en Ingenier\u00eda Industrial<\/li>\n<li>M\u00e1steres en Ingenier\u00eda Qu\u00edmica<\/li>\n<li>M\u00e1steres en Ciencias F\u00edsicas<\/li>\n<li>M\u00e1steres en Ciencias Exactas<\/li>\n<li>M\u00e1steres en Bioqu\u00edmica<\/li>\n<li>M\u00e1steres en Biotecnolog\u00eda<\/li>\n<li>M\u00e1steres en Biolog\u00eda<\/li>\n<li>M\u00e1steres en Ciencias de la Salud<\/li>\n<li>M\u00e1steres en Neuropsicolog\u00eda<\/li>\n<\/ul>\n\t\t\t\t<\/div>\n\t\t\t<\/div>\n\t\t<\/div>\n\t\t<\/div>\n<\/div>\n<\/div><\/div><\/div><div id=\"panel-gb33-6a00be08831c8-0-1-3\" class=\"so-panel widget widget_sow-editor\" data-index=\"5\" ><div class=\"panel-widget-style panel-widget-style-for-gb33-6a00be08831c8-0-1-3\" ><div class=\"so-widget-sow-editor so-widget-sow-editor-base\">\n<div class=\"siteorigin-widget-tinymce textwidget\">\n\t<p style=\"text-align: justify;\">Los alumnos con perfiles B o C tendr\u00e1n que cursar asignaturas como complementos formativos a elegir principalmente del M\u00e1ster Universitario de Ingenier\u00eda Biom\u00e9dica de la UPM, pero tambi\u00e9n de otras titulaciones de posgrado dependiendo de la oferta acad\u00e9mica disponible, siendo las actuales asignaturas las que aparece en\u00a0 el <a href=\"https:\/\/doctorado.lst.tfo.upm.es\/wp-content\/uploads\/2020\/09\/Asignaturas-para-complementos-formativos.pdf\">Listado de asignaturas para los complementos formativos<\/a>. La Comisi\u00f3n Acad\u00e9mica del Programa de Doctorado aprobar\u00e1 los complementos espec\u00edficos del alumno seg\u00fan su perfil de ingreso.<\/p>\n<\/div>\n<\/div><\/div><\/div><div id=\"panel-gb33-6a00be08831c8-0-1-4\" class=\"so-panel widget widget_sow-editor\" data-index=\"6\" ><div class=\"panel-widget-style panel-widget-style-for-gb33-6a00be08831c8-0-1-4\" ><div class=\"so-widget-sow-editor so-widget-sow-editor-base\">\n<div class=\"siteorigin-widget-tinymce textwidget\">\n\t<h4><b>Requisitos de Acceso<\/b><\/h4>\n<p style=\"text-align: justify;\">Los Requisitos y Normativa, incluyendo los Reales Decretos, aplicables y que rigen el acceso al doctorado est\u00e1n disponibles en la Web de la UPM:\u00a0<a href=\"https:\/\/www.upm.es\/Estudiantes\/NormativaLegislacion\/NormasEspecificas\/Doctorado\">Normativa de Doctorado<\/a>. Los requisitos espec\u00edficos para el Programa de Doctorado en Ingenier\u00eda Biom\u00e9dica se encuentran en el documento <a href=\"https:\/\/doctorado.lst.tfo.upm.es\/wp-content\/uploads\/2020\/09\/DoctoradoIB-requisitos-acceso-y-admision.pdf\">DoctoradoIB-requisitos acceso y admisi\u00f3n<\/a>.<\/p>\n<\/div>\n<\/div><\/div><\/div><div id=\"panel-gb33-6a00be08831c8-0-1-5\" class=\"so-panel widget widget_sow-editor\" data-index=\"7\" ><div class=\"panel-widget-style panel-widget-style-for-gb33-6a00be08831c8-0-1-5\" ><div class=\"so-widget-sow-editor so-widget-sow-editor-base\">\n<div class=\"siteorigin-widget-tinymce textwidget\">\n\t<h4><b>Criterios de Admisi\u00f3n<\/b><\/h4>\n<p style=\"text-align: justify;\">Para solicitar la admisi\u00f3n se deber\u00e1 realizar una preinscripci\u00f3n en el periodo habilitado para ello por la UPM:\u00a0<a href=\"https:\/\/www.upm.es\/Estudiantes\/Estudios_Titulaciones\/Estudios_Doctorado\">Admisi\u00f3n Doctorado<\/a>. En la solicitud se deber\u00e1n aportar datos personales y acad\u00e9micos y aportar en formato electr\u00f3nico (PDF) los siguientes documentos:<\/p>\n<ol style=\"text-align: justify;\">\n<li><b>Expediente acad\u00e9mico<\/b>:<br \/>\nexpresando cursos, cr\u00e9ditos o carga horaria de los mismos, calificaciones y fecha de su aprobaci\u00f3n.<\/li>\n<li><b>Documento de identidad<\/b>:<br \/>\nDocumento Nacional de Identidad (Espa\u00f1a o pa\u00edses de la Uni\u00f3n Europea) o Pasaporte.<\/li>\n<li><b>Diploma oficial del t\u00edtulo<\/b>:<br \/>\nt\u00edtulo\/s de grado y postgrado para el acceso<\/li>\n<li><b>Certificado con el n\u00famero total de horas cursadas<\/b><br \/>\n(Para solicitantes con titulaciones extranjeras de fuera del Espacio Europeo, no homologadas)<\/li>\n<li><b>Curr\u00edculum Vitae<\/b>.<\/li>\n<li><b>Carta de motivaci\u00f3n<\/b>: Redactada y firmada por la solicitante, expresando la l\u00ednea de investigaci\u00f3n en la que desea trabajar y su compromiso con la realizaci\u00f3n de la tesis doctoral.<\/li>\n<li><b>Carta(s) de recomendaci\u00f3n<\/b>: Redactada y firmada por un\/a profesor\/a del programa, con qui\u00e9n deber\u00e1 haberse puesto en contacto previamente la persona solicitante, y que servir\u00e1 para plasmar el resultado de la entrevista a que se hace menci\u00f3n en los criterios de admisi\u00f3n. En esta Carta de apoyo a preinscripci\u00f3n (<a href=\"https:\/\/doctorado.lst.tfo.upm.es\/wp-content\/uploads\/2020\/09\/Carta-de-apoyo-a-preinscripcion.pdf\">pdf<\/a>) o (<a href=\"https:\/\/doctorado.lst.tfo.upm.es\/wp-content\/uploads\/2020\/09\/Carta-de-apoyo-a-preinscripcion.docx\">word<\/a>), adem\u00e1s, se hace una propuesta para la direcci\u00f3n de la tesis, as\u00ed como para la tutor\u00eda de la misma en caso necesario (cuando la direcci\u00f3n no se proponga que recaiga en personal docente en alguna de las cuatro Escuelas de la UPM a las cu\u00e1les se adscribe el programa: ETSIT, ETSII, ETSIInf, ETSICCP, en cuyo caso la tutor\u00eda debe ser propuesta con el visto bueno correspondiente para alguien perteneciente a dicho personal docente). En esta carta, adem\u00e1s, se debe proponer el perfil con el que se desea la inscripci\u00f3n, y los complementos formativos, en su caso (ver m\u00e1s adelante), aportando la justificaci\u00f3n necesaria.<\/li>\n<\/ol>\n<p style=\"text-align: justify;\">Seg\u00fan el Art\u00edculo 12 del Modelo de programa de doctorado de la UPM, la Comisi\u00f3n Acad\u00e9mica del Programa de Doctorado (CAPD) es responsable del proceso de tramitaci\u00f3n de las solicitudes, que deben cumplir previamente con las condiciones legalmente exigidas para el acceso. Se tendr\u00e1n en cuenta los siguientes criterios de admisi\u00f3n con las correspondientes ponderaciones:<\/p>\n<table style=\"border: solid 1px #00578a; width: 100%;\" border=\"1\" cellspacing=\"0\" cellpadding=\"5\">\n<tbody>\n<tr>\n<td style=\"text-align: justify; padding: 10px 20px 10px 20px; background-color: #f5f5f5; line-height: 100%;\" valign=\"center\" width=\"400\">Titulaci\u00f3n acad\u00e9mica: se valorar\u00e1n aquellas titulaciones con competencias y conocimientos relacionadas con las \u00e1reas de especializaci\u00f3n de la Ingenier\u00eda Biom\u00e9dica incluidas en el Programa de Doctorado<\/td>\n<td style=\"background-color: #f5f5f5;\" valign=\"center\" width=\"50\">20%<\/td>\n<\/tr>\n<tr>\n<td style=\"text-align: justify; padding: 10px 20px 10px 20px; line-height: 100%;\" valign=\"center\" width=\"400\">Expediente acad\u00e9mico<\/td>\n<td valign=\"center\" width=\"50\">30%<\/td>\n<\/tr>\n<tr>\n<td style=\"text-align: justify; padding: 10px 20px 10px 20px; background-color: #f5f5f5; line-height: 100%;\" valign=\"center\" width=\"400\">Experiencia profesional y\/o investigadora<\/td>\n<td style=\"background-color: #f5f5f5;\" valign=\"center\" width=\"50\">10%<\/td>\n<\/tr>\n<tr>\n<td style=\"text-align: justify; padding: 10px 20px 10px 20px; line-height: 100%;\" valign=\"center\" width=\"400\">Entrevista personal: un profesor del programa de doctorado entrevistar\u00e1 al candidato sobre los aspectos presentados en su curr\u00edculo vitae, valorando su motivaci\u00f3n para cursar el Programa de Doctorado, los temas de inter\u00e9s en los que le gustar\u00eda investigar y su formaci\u00f3n previa en relaci\u00f3n a los mismos<\/td>\n<td valign=\"center\" width=\"50\">30%<\/td>\n<\/tr>\n<tr>\n<td style=\"text-align: justify; padding: 10px 20px 10px 20px; background-color: #f5f5f5; line-height: 100%;\" valign=\"center\" width=\"400\">Conocimientos suficientes de lengua inglesa (nivel B2 o superior)<\/td>\n<td style=\"background-color: #f5f5f5;\" valign=\"center\" width=\"50\">10%<\/td>\n<\/tr>\n<\/tbody>\n<\/table>\n<p style=\"text-align: justify; margin-top: 30px;\">La CAPD podr\u00e1 admitir estudiantes para la realizaci\u00f3n del doctorado a tiempo parcial, hasta un m\u00e1ximo del 20% del total de matriculados cada curso acad\u00e9mico aplicando los mismos criterios de admisi\u00f3n expresados anteriormente.<\/p>\n<\/div>\n<\/div><\/div><\/div><div id=\"panel-gb33-6a00be08831c8-0-1-6\" class=\"so-panel widget widget_sow-editor\" data-index=\"8\" ><div class=\"panel-widget-style panel-widget-style-for-gb33-6a00be08831c8-0-1-6\" ><div class=\"so-widget-sow-editor so-widget-sow-editor-base\">\n<div class=\"siteorigin-widget-tinymce textwidget\">\n\t<h4><b>Direcci\u00f3n y tutor\u00eda de estudiantes del programa.<br \/>\n<\/b><\/h4>\n<p style=\"text-align: justify;\">Una vez superado el proceso de admisi\u00f3n, la CAPDIB asignar\u00e1 la tutor\u00eda y la direcci\u00f3n de la tesis correspondiente de entre el claustro del programa, normalmente nombrando a quienes firmaran la carta de apoyo.\u00a0 Si la direcci\u00f3n debiera ser compartida, la codirecci\u00f3n debe ser solicitada lo m\u00e1s pronto posible, pues no ser\u00e1 aceptada si se realizara a partir de tercer curso, inclusive.<\/p>\n<p style=\"text-align: justify;\">Si la direcci\u00f3n debiera recaer sobre alguien no perteneciente al claustro del programa, es imperativo que se solicite la admisi\u00f3n al claustro, y solo despu\u00e9s, en caso de ser aprobada, se podr\u00e1 proceder al cambio de direcci\u00f3n, de nuevo con la restricci\u00f3n temporal anterior. Quienes quieran ser admitidos al claustro, deber\u00e1n apoyar a estudiantes que se incorporan, manteniendo su vinculaci\u00f3n con el programa en tanto en cuanto la o las tesis dirigidas sigan en activo, o se incorporen m\u00e1s estudiantes con su apoyo, abandonando el programa si cesan en la direcci\u00f3n de tesis.<\/p>\n<p style=\"text-align: justify;\">Durante los tres primeros meses desde la incorporaci\u00f3n (entre octubre y diciembre (inicio de tesis a 1 de octubre) o entre marzo y mayo (inicio a 1 de marzo)), se deber\u00e1 rellenar por duplicado con todas las firmas originales el documento CompromisoSupervisionDoct_ETSIT_DIB (<a href=\"https:\/\/doctorado.lst.tfo.upm.es\/wp-content\/uploads\/2020\/09\/CompromisoSupervisionDoct_ETSIT_DIB-2019-2020.pdf\">pdf<\/a>) o (<a href=\"https:\/\/doctorado.lst.tfo.upm.es\/wp-content\/uploads\/2020\/09\/CompromisoSupervisionDoct_ETSIT_DIB-2019-2020.docx\">word<\/a>), que se entregar\u00e1 en CAPDIB, L307, Edificio A, ETSIT, Ciudad Universitaria n\u00ba 30, 28040 Madrid, Espa\u00f1a. Cuando los documentos est\u00e9n completos se enviar\u00e1 a los interesados copia electr\u00f3nica del mismo de acuerdo al\u00a0\u00a0<a href=\"https:\/\/doctorado.lst.tfo.upm.es\/wp-content\/uploads\/2020\/09\/procedimiento_compromiso.pdf\">procedimiento de compromiso<\/a>.<\/p>\n<\/div>\n<\/div><\/div><\/div><div id=\"panel-gb33-6a00be08831c8-0-1-7\" class=\"so-panel widget widget_sow-editor\" data-index=\"9\" ><div class=\"panel-widget-style panel-widget-style-for-gb33-6a00be08831c8-0-1-7\" ><div class=\"so-widget-sow-editor so-widget-sow-editor-base\">\n<div class=\"siteorigin-widget-tinymce textwidget\">\n\t<h4><b>Actividades formativas<\/b><\/h4>\n<p style=\"text-align: justify;\">Las actividades formativas descritas en el documento\u00a0<a href=\"https:\/\/doctorado.lst.tfo.upm.es\/wp-content\/uploads\/2020\/09\/DoctoradoIB-requisitos-acceso-y-admision.pdf\">DoctoradoIB-requisitos acceso y admisi\u00f3n<\/a>\u00a0debe justificarse con la documentaci\u00f3n acreditativa que corresponda y compilarse en el\u00a0<a href=\"https:\/\/doctorado.lst.tfo.upm.es\/wp-content\/uploads\/2020\/09\/documento_actividades_-DIB.docx\">documento_actividades_ DIB\u00a0<\/a> que debe ser aportado con anterioridad a la solicitud de defensa de la tesis doctoral para que la CAPDIB valore si las actividades realizadas son acordes con la normativa vigente y por tanto pueden ser aprobadas.<\/p>\n<\/div>\n<\/div><\/div><\/div><div id=\"panel-gb33-6a00be08831c8-0-1-8\" class=\"so-panel widget widget_sow-editor panel-last-child\" data-index=\"10\" ><div class=\"panel-widget-style panel-widget-style-for-gb33-6a00be08831c8-0-1-8\" ><div class=\"so-widget-sow-editor so-widget-sow-editor-base\">\n<div class=\"siteorigin-widget-tinymce textwidget\">\n\t<h4><b>Procedimiento de matriculaci\u00f3n<\/b><\/h4>\n<p style=\"text-align: justify;\">Cuando la evaluaci\u00f3n de la preinscripci\u00f3n es positiva el programa de doctorado emite una carta de admisi\u00f3n donde se reflejan las condiciones de \u00e9sta: fecha de inicio de programa de doctorado (1 de octubre o 1 de marzo), si la admisi\u00f3n es a tiempo parcial o completo y los complementos formativos a cursar, en su caso.<\/p>\n<p style=\"text-align: justify;\">Los complementos formativos deben realizarse al principio y mientras se realizan no existe obligaci\u00f3n de pago de tasas de tutela acad\u00e9mica. Los complementos formativos deben matricularse en persona en la secretaria de la ETSIT-UPM, secci\u00f3n de doctorado.<\/p>\n<p style=\"text-align: justify;\">Tras la finalizaci\u00f3n de los complementos formativos, en su caso, cada curso se deben abonar las tasas de tutela acad\u00e9mica normalmente entre los meses de septiembre u octubre (consultar en caso de admisi\u00f3n para iniciar a 1 de marzo). Si la dedicaci\u00f3n es a tiempo completo de debe realizar siguiendo el proceso de automatr\u00edcula (<a href=\"http:\/\/www.upm.es\/UPM\/InformaticaComunicaciones\/Automatricula\">http:\/\/www.upm.es\/UPM\/InformaticaComunicaciones\/Automatricula<\/a>) normal de la UPM. En caso de dedicaci\u00f3n parcial, debe realizarse en la secretaria de la ETSIT-UPM, secci\u00f3n de doctorado.<\/p>\n<p style=\"text-align: justify;\">Quienes obtengan la admisi\u00f3n condicionada a conseguir el grado de Master no podr\u00e1n realizar la matr\u00edcula hasta que den constancia de haber cumplido este requisito mediante la entrega de una copia de la carta de pago del titulo de Master al vicerrectorado de posgrado y doctorado.<\/p>\n<p style=\"text-align: justify;\">La admisi\u00f3n para un curso acad\u00e9mico es v\u00e1lida para ese curso acad\u00e9mico. En caso de no realizar la matriculaci\u00f3n correspondiente, la admisi\u00f3n caduca de modo que si se desea inscribirse para un curso posterior se debe volver a repetir el proceso de preinscripci\u00f3n, etc.<\/p>\n<p style=\"text-align: justify;\">Para m\u00e1s informaci\u00f3n consultar el documento\u00a0<a href=\"https:\/\/doctorado.lst.tfo.upm.es\/wp-content\/uploads\/2020\/09\/procedimiento_preinscripcion_admision.pdf\">procedimiento_preinscripcion_admision<\/a>\u00a0y enlaces en su interior<\/p>\n<\/div>\n<\/div><\/div><\/div><\/div><\/div><\/div><\/div><\/div>","protected":false},"excerpt":{"rendered":"<p>Accessos r\u00e1pidos Preinscripci\u00f3n: pincha aqu\u00ed Admisiones aprobadas: Listado disponible aqu\u00ed Cupo libre: Como no se ha completado el cupo de este curso, se podr\u00e1n solicitar nuevas admisiones hasta completar la disponibilidad. Perfil de ingreso El perfil de ingreso recomendado, Perfil A, es el equivalente a M\u00e1ster en Ingenier\u00eda Biom\u00e9dica -o titulaciones afines- en las que [&hellip;]<\/p>\n","protected":false},"author":1,"featured_media":0,"parent":0,"menu_order":0,"comment_status":"closed","ping_status":"closed","template":"page-templates\/page_fullwidth.php","meta":[],"translation":{"provider":"WPGlobus","version":"2.7.6","language":"gb","enabled_languages":["es","gb"],"languages":{"es":{"title":true,"content":true,"excerpt":false},"gb":{"title":false,"content":false,"excerpt":false}}},"_links":{"self":[{"href":"https:\/\/doctorado.lst.tfo.upm.es\/gb\/wp-json\/wp\/v2\/pages\/33"}],"collection":[{"href":"https:\/\/doctorado.lst.tfo.upm.es\/gb\/wp-json\/wp\/v2\/pages"}],"about":[{"href":"https:\/\/doctorado.lst.tfo.upm.es\/gb\/wp-json\/wp\/v2\/types\/page"}],"author":[{"embeddable":true,"href":"https:\/\/doctorado.lst.tfo.upm.es\/gb\/wp-json\/wp\/v2\/users\/1"}],"replies":[{"embeddable":true,"href":"https:\/\/doctorado.lst.tfo.upm.es\/gb\/wp-json\/wp\/v2\/comments?post=33"}],"version-history":[{"count":109,"href":"https:\/\/doctorado.lst.tfo.upm.es\/gb\/wp-json\/wp\/v2\/pages\/33\/revisions"}],"predecessor-version":[{"id":1197,"href":"https:\/\/doctorado.lst.tfo.upm.es\/gb\/wp-json\/wp\/v2\/pages\/33\/revisions\/1197"}],"wp:attachment":[{"href":"https:\/\/doctorado.lst.tfo.upm.es\/gb\/wp-json\/wp\/v2\/media?parent=33"}],"curies":[{"name":"wp","href":"https:\/\/api.w.org\/{rel}","templated":true}]}}