{"id":35,"date":"2020-09-18T17:02:19","date_gmt":"2020-09-18T15:02:19","guid":{"rendered":"https:\/\/doctorado.lst.tfo.upm.es\/?page_id=35"},"modified":"2020-12-23T14:56:51","modified_gmt":"2020-12-23T12:56:51","slug":"tesis-doctoral","status":"publish","type":"page","link":"https:\/\/doctorado.lst.tfo.upm.es\/gb\/tesis-doctoral\/","title":{"rendered":"Tesis Doctoral"},"content":{"rendered":"<div id=\"pl-gb35-6a00c7898acdd\"  class=\"panel-layout\" ><div id=\"pg-gb35-6a00c7898acdd-0\"  class=\"panel-grid panel-has-style\" ><div class=\"panel-row-style panel-row-style-for-gb35-6a00c7898acdd-0\" ><div id=\"pgc-gb35-6a00c7898acdd-0-0\"  class=\"panel-grid-cell\" ><div class=\"panel-cell-style panel-cell-style-for-gb35-6a00c7898acdd-0-0\" ><div id=\"panel-gb35-6a00c7898acdd-0-0-0\" class=\"so-panel widget widget_sow-image panel-first-child\" data-index=\"0\" ><div class=\"so-widget-sow-image so-widget-sow-image-default-d6014b76747a-35\">\n\n<div class=\"sow-image-container\">\n<a href=\"http:\/\/www.etsit.upm.es\/estudios\/doctorado\/programas-de-doctorado.html\" target=\"_blank\" rel=\"noopener noreferrer\" >\t<img src=\"https:\/\/doctorado.lst.tfo.upm.es\/wp-content\/uploads\/2020\/09\/logo_etsit.png\" width=\"2940\" height=\"919\" srcset=\"https:\/\/doctorado.lst.tfo.upm.es\/wp-content\/uploads\/2020\/09\/logo_etsit.png 2940w, https:\/\/doctorado.lst.tfo.upm.es\/wp-content\/uploads\/2020\/09\/logo_etsit-300x94.png 300w, https:\/\/doctorado.lst.tfo.upm.es\/wp-content\/uploads\/2020\/09\/logo_etsit-1024x320.png 1024w, https:\/\/doctorado.lst.tfo.upm.es\/wp-content\/uploads\/2020\/09\/logo_etsit-768x240.png 768w, https:\/\/doctorado.lst.tfo.upm.es\/wp-content\/uploads\/2020\/09\/logo_etsit-1536x480.png 1536w, https:\/\/doctorado.lst.tfo.upm.es\/wp-content\/uploads\/2020\/09\/logo_etsit-2048x640.png 2048w, https:\/\/doctorado.lst.tfo.upm.es\/wp-content\/uploads\/2020\/09\/logo_etsit-830x259.png 830w, https:\/\/doctorado.lst.tfo.upm.es\/wp-content\/uploads\/2020\/09\/logo_etsit-230x72.png 230w, https:\/\/doctorado.lst.tfo.upm.es\/wp-content\/uploads\/2020\/09\/logo_etsit-350x109.png 350w, https:\/\/doctorado.lst.tfo.upm.es\/wp-content\/uploads\/2020\/09\/logo_etsit-480x150.png 480w\" sizes=\"(max-width: 2940px) 100vw, 2940px\" alt=\"\" loading=\"lazy\" \t\tclass=\"so-widget-image\"\/>\n<\/a><\/div>\n\n<\/div><\/div><div id=\"panel-gb35-6a00c7898acdd-0-0-1\" class=\"so-panel widget widget_nav_menu panel-last-child\" data-index=\"1\" ><div class=\"menu-left-menu-container\"><ul id=\"menu-left-menu\" class=\"menu\"><li id=\"menu-item-236\" class=\"menu-item menu-item-type-post_type menu-item-object-page menu-item-236\"><a href=\"https:\/\/doctorado.lst.tfo.upm.es\/gb\/objetivos-y-garantia-de-calidad\/\">Objetivos y Calidad<\/a><\/li>\n<li id=\"menu-item-235\" class=\"menu-item menu-item-type-post_type menu-item-object-page menu-item-235\"><a href=\"https:\/\/doctorado.lst.tfo.upm.es\/gb\/acceso-y-admision\/\">Acceso y Admisi\u00f3n<\/a><\/li>\n<li id=\"menu-item-233\" class=\"menu-item menu-item-type-post_type menu-item-object-page menu-item-233\"><a href=\"https:\/\/doctorado.lst.tfo.upm.es\/gb\/lineas-de-investigacion\/\">L\u00edneas de investigaci\u00f3n<\/a><\/li>\n<li id=\"menu-item-234\" class=\"menu-item menu-item-type-post_type menu-item-object-page menu-item-234\"><a href=\"https:\/\/doctorado.lst.tfo.upm.es\/gb\/tesis-doctoral\/\">Tesis Doctoral<\/a><\/li>\n<li id=\"menu-item-232\" class=\"menu-item menu-item-type-post_type menu-item-object-page menu-item-232\"><a href=\"https:\/\/doctorado.lst.tfo.upm.es\/gb\/coordinacion\/\">Coordinaci\u00f3n<\/a><\/li>\n<li id=\"menu-item-231\" class=\"menu-item menu-item-type-post_type menu-item-object-page menu-item-231\"><a href=\"https:\/\/doctorado.lst.tfo.upm.es\/gb\/informacion-adicional\/\">Informaci\u00f3n adicional<\/a><\/li>\n<\/ul><\/div><\/div><\/div><\/div><div id=\"pgc-gb35-6a00c7898acdd-0-1\"  class=\"panel-grid-cell\" ><div class=\"panel-cell-style panel-cell-style-for-gb35-6a00c7898acdd-0-1\" ><div id=\"panel-gb35-6a00c7898acdd-0-1-0\" class=\"so-panel widget widget_sow-editor panel-first-child\" data-index=\"2\" ><div class=\"panel-widget-style panel-widget-style-for-gb35-6a00c7898acdd-0-1-0\" ><div class=\"so-widget-sow-editor so-widget-sow-editor-base\">\n<div class=\"siteorigin-widget-tinymce textwidget\">\n\t<h4><b>Procedimiento de seguimiento de la realizaci\u00f3n de la tesis<\/b><\/h4>\n<p style=\"text-align: justify;\">Entre los meses de septiembre y octubre de cada a\u00f1o se realizan los informes de seguimiento o plan de investigaci\u00f3n accediendo a UPM Virtual, que son obligatorios. La responsabilidad de su realizaci\u00f3n recae por igual en quienes participan en la realizaci\u00f3n de cada tesis: estudiante y direcci\u00f3n de la tesis. El informe, una vez cerrado y firmado debe ser evaluado por la CAPDIB, que puede a su vez firmarlo para que pase a ser evaluado por conducto reglamentario, o reabrirlo para que vuelva a ser editado de nuevo para su mejora, dado un plazo breve para ello. El informe doctorado o plan de investigaci\u00f3n es un informe anual sobre la marcha del desarrollo de la tesis doctoral y de los resultados m\u00e1s significativos que se hayan producido hasta el momento. La fecha tope de entrega del informe anual podr\u00e1 ser modificada por la Comisi\u00f3n de Doctorado de la UPM.<\/p>\n<\/div>\n<\/div><\/div><\/div><div id=\"panel-gb35-6a00c7898acdd-0-1-1\" class=\"so-panel widget widget_sow-editor\" data-index=\"3\" ><div class=\"panel-widget-style panel-widget-style-for-gb35-6a00c7898acdd-0-1-1\" ><div class=\"so-widget-sow-editor so-widget-sow-editor-base\">\n<div class=\"siteorigin-widget-tinymce textwidget\">\n\t<h4><b>Elaboraci\u00f3n de la tesis doctoral<\/b><\/h4>\n<p style=\"text-align: justify;\">En este contexto, la normativa y reglamento aplicable puede consultarse en la Web de la UPM:\u00a0<a href=\"https:\/\/www.upm.es\/Estudiantes\/Estudios_Titulaciones\/Estudios_Doctorado\/normativa\">Normativa UPM<\/a>.<\/p>\n<p style=\"text-align: justify;\">Tambi\u00e9n puede encontrar m\u00e1s informaci\u00f3n en relaci\u00f3n a la ETSIT, que coordina administrativamente el programa en <a href=\"http:\/\/www.etsit.upm.es\/estudios\/doctorado\/programas-de-doctorado.html\">Informaci\u00f3n de doctorado (ETSIT-UPM)<\/a>.<\/p>\n<p style=\"text-align: justify;\">Adicionalmente, la Comisi\u00f3n Acad\u00e9mica del Programa de Doctorado en Ingenier\u00eda Biom\u00e9dica ha establecido los siguientes\u00a0<b>criterios de calidad para la autorizaci\u00f3n de la defensa de las tesis doctorales<\/b>:<\/p>\n<ol>\n<li style=\"text-align: justify;\">El criterio de calidad principal establecido por la Comisi\u00f3n es el siguiente:<br \/>\n<i>Firmar como autor\/a en al menos <b>1 publicaci\u00f3n en revista indexada ubicada en alguno de los cuartiles Q1 a Q3 en el JCR, con relaci\u00f3n directa con el tema de tesis.\u00a0<\/b>La publicaci\u00f3n s\u00f3lo podr\u00e1 ser considerada como indicio de calidad de una \u00fanica tesis.<\/i><br \/>\n<i>Otros m\u00e9ritos que la Comisi\u00f3n de Doctorado de la UPM pueda aceptar como v\u00e1lidos como indicio de calidad podr\u00e1n ser valorados individualmente, siempre con la restricci\u00f3n de en cuanto a su utilizaci\u00f3n indicada en el p\u00e1rrafo anterior.<\/i><\/li>\n<li style=\"text-align: justify;\">Excepcionalmente se recurrir\u00e1 al procedimiento de prelectura previsto en el <a href=\"https:\/\/www.upm.es\/Estudiantes\/Estudios_Titulaciones\/Estudios_Doctorado\/normativa\">Reglamento Espec\u00edfico\u00a0de la UPM<\/a>.<\/li>\n<li style=\"text-align: justify;\">No se contemplar\u00e1 la valoraci\u00f3n de la tesis por un Comit\u00e9 de Expertos.<\/li>\n<\/ol>\n<\/div>\n<\/div><\/div><\/div><div id=\"panel-gb35-6a00c7898acdd-0-1-2\" class=\"so-panel widget widget_sow-editor\" data-index=\"4\" ><div class=\"panel-widget-style panel-widget-style-for-gb35-6a00c7898acdd-0-1-2\" ><div class=\"so-widget-sow-editor so-widget-sow-editor-base\">\n<div class=\"siteorigin-widget-tinymce textwidget\">\n\t<h4><b>Procedimiento para darse de alta en la base de datos TESEO<\/b><\/h4>\n<p style=\"text-align: justify;\">TESEO es un sistema de gesti\u00f3n de tesis doctorales a nivel nacional que permite la consulta de las tesis le\u00eddas en todo el territorio nacional as\u00ed como la publicaci\u00f3n de las mismas en formato electr\u00f3nico. Es importante porque s\u00f3lo se dan por defendidas las tesis que aparecen completas en TESEO (<a href=\"https:\/\/doctorado.lst.tfo.upm.es\/wp-content\/uploads\/2020\/09\/Teseo-procedimiento-de-tramitacion.pdf\">Documento con el procedimiento TESEO<\/a>).<\/p>\n<\/div>\n<\/div><\/div><\/div><div id=\"panel-gb35-6a00c7898acdd-0-1-3\" class=\"so-panel widget widget_sow-editor\" data-index=\"5\" ><div class=\"panel-widget-style panel-widget-style-for-gb35-6a00c7898acdd-0-1-3\" ><div class=\"so-widget-sow-editor so-widget-sow-editor-base\">\n<div class=\"siteorigin-widget-tinymce textwidget\">\n\t<h4><b>Tramitaci\u00f3n de la tesis ante la CAPDIB<\/b><\/h4>\n<p style=\"text-align: justify;\">La solicitud de defensa de la tesis doctoral se debe presentar ante la CAPDIB (en formato electr\u00f3nico en el correo pd.ingbiomed@upm.es y originales firmados en CAPDIB, L307, Edificio A, ETSIT, Ciudad Universitaria n\u00ba 30, 28040 Madrid), consistente en todos o parte de los documentos (seg\u00fan aplique a cada caso) siguientes:\u00a0<a href=\"https:\/\/doctorado.lst.tfo.upm.es\/wp-content\/uploads\/2020\/10\/solicitud-del-alumno-de-autorizacion-de-lectura-de-tesis.pdf\">solicitud del alumno de autorizaci\u00f3n de lectura de tesis<\/a>.<\/p>\n<p style=\"text-align: justify;\">Los documentos deben ser entregados al menos\u00a0<strong>10 d\u00edas h\u00e1biles antes de la fecha oficial de dep\u00f3sito\u00a0<\/strong>en la que se quiera iniciar el proceso de aprobaci\u00f3n. Con igual plazo debe estar actualizado el CV en UPV virtual a fin de que el rendimiento acad\u00e9mico que acompa\u00f1a a la solicitud pueda ser valorado por la CAPDIB. Este CV debe incluir todo lo que se quiera destacar, a diferencia del documentos de Indicio de calidad que solo debe contener la informaci\u00f3n de los m\u00e9ritos que se quieran aportar a este fin, teniendo en cuenta que quedar\u00e1n excluidos para su uso en otras solicitudes. Tambi\u00e9n deber\u00e1 estar subida en el mismo plazo, la versi\u00f3n electr\u00f3nica de la tesis que se quiera depositar. La CAPDIB informar\u00e1 si la documentaci\u00f3n es correcta o no, formalizando la solicitud ante la UPM en su caso para que se pueda proceder al dep\u00f3sito.<\/p>\n<p style=\"text-align: justify;\">En el caso de solicitar menci\u00f3n internacional, se deben recabar los informes de investigadores\/as residentes en el extranjero que la normativa exige con firma original para ser entregados al hacer el dep\u00f3sito de la tesis.<\/p>\n<p style=\"text-align: justify;\">Si se desea integrar en los tribunales de tesis a personas que vengan del extranjero, se debe adjuntar carta original de qui\u00e9n se haga responsable de los costes de desplazamiento y dietas de todas ellas, excepto de una de ellas en el caso de solicitar menci\u00f3n internacional, en cuyo caso se har\u00e1 cargo la UPM.<\/p>\n<p style=\"text-align: justify;\">El acto de dep\u00f3sito de la tesis consiste en entregar personalmente en rectorado de la UPM el resguardo de haber pagado las tasas de derechos de examen, as\u00ed como las cartas de residentes en el extranjero, y la carta de compromiso de pago de dientas. La carta de pago se consigue en secretaria de la ETSIT.<\/p>\n<p style=\"text-align: justify;\">El alumno\/a es responsable de realizar en TESEO (ver m\u00e1s arriba) los tr\u00e1mites pertinentes.<\/p>\n<\/div>\n<\/div><\/div><\/div><div id=\"panel-gb35-6a00c7898acdd-0-1-4\" class=\"so-panel widget widget_sow-editor\" data-index=\"6\" ><div class=\"panel-widget-style panel-widget-style-for-gb35-6a00c7898acdd-0-1-4\" ><div class=\"so-widget-sow-editor so-widget-sow-editor-base\">\n<div class=\"siteorigin-widget-tinymce textwidget\">\n\t<h4><b>Tramitaci\u00f3n de la defensa de la tesis<\/b><\/h4>\n<p style=\"text-align: justify;\">Una vez que la CDUPM resuelve positivamente se disponen de tres meses para proceder al acto de la defensa de al tesis doctoral, cuya organizaci\u00f3n recae \u00edntegramente en el propio tribunal para ello nombrado.<\/p>\n<p style=\"text-align: justify;\">Unos diez d\u00edas antes de la fecha prevista se debe solicitar en secretaria de la ETSIT la documentaci\u00f3n que se emplear\u00e1 en durante el acto de defensa de la tesis (acta, normativa y documentaci\u00f3n relacionada con el desplazamiento del tribunal, si fuera el caso). Este acto puede celebrarse donde el tribunal acuerde. Al solicitar dicha documentaci\u00f3n se debe aportar un documento que pueda ser utilizado como cartel anunciador del d\u00eda y lugar del acto de defensa para facilitar el dar publicidad de dicho evento como exige la normativa.<\/p>\n<p style=\"text-align: justify;\">Tras la defensa de la tesis, el secretario debe entregar a la CAPDIB el acta generada durante la defensa, los informes del tribunal y el sobre cerrado con los votos para la decisi\u00f3n sobre la otorgaci\u00f3n del Cum Laude. El resto de documentaci\u00f3n que se haya podido generar debe entregarse de nuevo en secretar\u00eda de la ETSIT.<\/p>\n<p style=\"text-align: justify;\">La CAPDIB proceder\u00e1 a la apertura del sobre y comunicar\u00e1 el resultado al tribunal, entregando a continuaci\u00f3n el acta ya completa en secretaria del departamento de Tecnolog\u00eda Fot\u00f3nica y Bioingenier\u00eda de la ETSIT.<\/p>\n<p style=\"text-align: justify;\">El secretario\/a del tribunal debe contactar con el dicho departamento para proceder a la firma final del acta de la defensa de la tesis. Solo cuando se produce esa firma, el proceso de defensa de la tesis doctoral termina y queda validado el resultado obtenido.<\/p>\n<p style=\"text-align: justify;\">El diploma de Doctorado puede ser solicitado en secretar\u00eda de la ETSIT algunos d\u00edas despu\u00e9s de finalizar el proceso de tr\u00e1mite del acta de la defensa.<\/p>\n<\/div>\n<\/div><\/div><\/div><div id=\"panel-gb35-6a00c7898acdd-0-1-5\" class=\"so-panel widget widget_sow-editor\" data-index=\"7\" ><div class=\"panel-widget-style panel-widget-style-for-gb35-6a00c7898acdd-0-1-5\" ><div class=\"so-widget-sow-editor so-widget-sow-editor-base\">\n<div class=\"siteorigin-widget-tinymce textwidget\">\n\t<h4><b>Otros tr\u00e1mites durante la elaboraci\u00f3n de la tesis ante la CAPDIB<\/b><\/h4>\n<ul>\n<li style=\"text-align: justify;\"><strong>Complementos formativos<\/strong>: las asignaturas correspondientes indicadas en el documento de admisi\u00f3n se deben matricular en la secretar\u00eda de la ETSIT. Si por razones ajenas al programa alguna asignatura resultara imposible de matricular, se debe comunicar este hecho tan pronto como sea posible al tutor\/a para que a su vez se lo comunique a la CAPDIB de modo que pueda resolverse esta incidencia. Los complementos formativos se deben cursar durante el primer curso tras la admisi\u00f3n. Durante su realizaci\u00f3n no se requiere el pago de tasas de tutela acad\u00e9mica y el tiempo transcurrido no cuenta a efectos de plazos de finalizaci\u00f3n de la tesis. Los complementos formativos pueden ser convalidados por cursos ya realizados presentando la siguiente solicitud ante la CAPDIB: <a href=\"https:\/\/doctorado.lst.tfo.upm.es\/wp-content\/uploads\/2020\/09\/Convalidacion-complementos-formativos.doc\">Convalidaci\u00f3n complementos formativos<\/a><\/li>\n<li style=\"text-align: justify;\"><strong>Actividades formativas<\/strong>: las actividades formativas se deben realizar durante los tres primeros a\u00f1os de tesis, y tras los complementos formativos, en su caso. Durante la realizaci\u00f3n de la tesis se debe mantener un registro de dichas actividades por parte de la direcci\u00f3n de la tesis en el documento <a href=\"https:\/\/doctorado.lst.tfo.upm.es\/wp-content\/uploads\/2020\/09\/documento_actividades_-DIB.docx\">documento_actividades_ DIB<\/a>. Este documento junto con la solicitud de aprobaci\u00f3n de las actividades (<a href=\"https:\/\/doctorado.lst.tfo.upm.es\/wp-content\/uploads\/2020\/09\/Convalidacion-complementos-formativos.pdf\">pdf<\/a>) o (<a href=\"https:\/\/doctorado.lst.tfo.upm.es\/wp-content\/uploads\/2020\/09\/Convalidacion-complementos-formativos.doc\">word<\/a>) se presentar\u00e1 como parte de la documentaci\u00f3n aportada para la solicitud de lectura y defensa de la tesis doctoral. La informaci\u00f3n referente a estas actividades se encuentra en el documento <a href=\"https:\/\/doctorado.lst.tfo.upm.es\/wp-content\/uploads\/2020\/09\/DoctoradoIB-requisitos-acceso-y-admision.pdf\">DoctoradoIB-requisitos acceso y admisi\u00f3n<\/a>. En concreto, la actividad n\u00famero 1, de B\u00fasqueda Bibliogr\u00e1fica, se ha impartido durante los \u00faltimos a\u00f1os por el ICE-UPM de forma gratuita, sin que ello suponga obligaci\u00f3n de seguir realiz\u00e1ndose en este formato en los a\u00f1os venideros. Para poder realizarlo, es conveniente ponerse en contacto con la CAPDIB al principio del primer curso del plazo de realizaci\u00f3n de la tesis para poder inscribirse en la lista de estudiantes del curso nuevo, en caso de que se vaya a ofertar.<\/li>\n<li style=\"text-align: justify;\"><strong>Cambio de t\u00edtulo de tesis<\/strong>: El t\u00edtulo de tesis se asigna al realizar el primer informe anual. No obstante puede ser modificado con posterioridad siempre que se justifique debidamente ante la CAPDIB presentando la solicitud Cambio de titulo de tesis (<a href=\"https:\/\/doctorado.lst.tfo.upm.es\/wp-content\/uploads\/2020\/09\/Cambio-de-titulo-de-tesis.pdf\">pdf<\/a>) o (<a href=\"https:\/\/doctorado.lst.tfo.upm.es\/wp-content\/uploads\/2020\/09\/Cambio-de-titulo-de-tesis.doc\">word<\/a>). La decisi\u00f3n sobre la admisi\u00f3n de cambios de t\u00edtulo de tesis corresponde a la Comisi\u00f3n de Doctorado de la UPM (CDUPM).<\/li>\n<li style=\"text-align: justify;\"><strong>Solicitud de pr\u00f3rroga<\/strong>: La pr\u00f3rroga, extraordinaria u ordinaria puede solicitarse ante la CAPDIB mediante el documento Solicitud de prorroga (<a href=\"https:\/\/doctorado.lst.tfo.upm.es\/wp-content\/uploads\/2020\/09\/Solicitud-de-prorroga.pdf\">pdf<\/a>) o (<a href=\"https:\/\/doctorado.lst.tfo.upm.es\/wp-content\/uploads\/2020\/09\/Solicitud-de-prorroga.docx\">word<\/a>).<\/li>\n<li style=\"text-align: justify;\"><strong>Bajas<\/strong>: Las bajas por cualquier causa justificada deben presentarse ante la CAPDIB cuando se produzcan a fin de que \u00e9sta pueda mantener un registro adecuado de la mismas, a partir del cual se pueda calcular correctamente para cada caso el tiempo restante del plazo para presentar la tesis doctoral, que se ve ampliado de acuerdo a la duraci\u00f3n de dichas bajas.<\/li>\n<li style=\"text-align: justify;\"><strong>Informe de renovaci\u00f3n contrato predoctoral<\/strong>: Para la solicitud de la renovaci\u00f3n se debe presentar ante la CAPDIB el siguiente documento con los datos correspondientes: informe renovaci\u00f3n contrato predoctoral (<a href=\"https:\/\/doctorado.lst.tfo.upm.es\/wp-content\/uploads\/2020\/09\/informe-renovacion-contrato-predoctoral.pdf\">pdf<\/a>) o (<a href=\"https:\/\/doctorado.lst.tfo.upm.es\/wp-content\/uploads\/2020\/09\/informe-renovacion-contrato-predoctoral.docx\">word<\/a>), as\u00ed como un informe favorable firmado por la direcci\u00f3n de la tesis.<\/li>\n<li style=\"text-align: justify;\"><strong>Cambios en la direcci\u00f3n de la tesis<\/strong>: Inmediatamente tras la admisi\u00f3n la CAPDIB nombra quien ha de dirigir la tesis doctoral, una sola persona. Cualquier cambio posterior, incluida la codirecci\u00f3n, aunque est\u00e9 prevista desde un principio, debe ser autorizado por la CDUPM a solicitud de la CAPDIB. La CAPDIB puede recibir la solicitud mediante el documento Direcci\u00f3n de tesis (<a href=\"https:\/\/doctorado.lst.tfo.upm.es\/wp-content\/uploads\/2020\/09\/Direccion-de-tesis.pdf\">pdf<\/a>) o (<a href=\"https:\/\/doctorado.lst.tfo.upm.es\/wp-content\/uploads\/2020\/09\/Direccion-de-tesis.doc\">word<\/a>), durante los dos primeros a\u00f1os de realizaci\u00f3n de la tesis, aunque cuanto m\u00e1s tarde, mayor justificaci\u00f3n es necesario aportar para realizar cambios en la direcci\u00f3n de tesis doctoral, y tanto m\u00e1s cuanto m\u00e1s importante sea el cambio propuesto. Puede solicitarse cambiar la direcci\u00f3n por completo o bien proponer o eliminar la codirecci\u00f3n.<\/li>\n<li style=\"text-align: justify;\"><strong>Pago de las tasas de tutela acad\u00e9mica<\/strong>: el pago de las tasas de tutela acad\u00e9mica es obligatorio y se realiza durante los meses de septiembre y octubre, salvo aviso en contra. Los pagos son anuales, pero es posible, de forma extraordinaria, realizar pagos semestrales. En el caso de que la defensa de la tesis sea admitida a tr\u00e1mite justo al final de un periodo ya pagado, no es necesario realizar otro pago de tasas de tutela aunque el acto de defensa de la tesis se realiza dentro del siguiente periodo de pago, disponiendo de tres meses desde la emisi\u00f3n de la autorizaci\u00f3n para la defensa de la tesis por parte de al CDUPM hasta su defensa.<\/li>\n<\/ul>\n<\/div>\n<\/div><\/div><\/div><div id=\"panel-gb35-6a00c7898acdd-0-1-6\" class=\"so-panel widget widget_sow-editor panel-last-child\" data-index=\"8\" ><div class=\"panel-widget-style panel-widget-style-for-gb35-6a00c7898acdd-0-1-6\" ><div class=\"so-widget-sow-editor so-widget-sow-editor-base\">\n<div class=\"siteorigin-widget-tinymce textwidget\">\n\t<p style=\"text-align: justify;\"><em><strong>NOTA: todos los documentos deben ser entregados firmados originalmente en la direcci\u00f3n postal de la CAPDIB, as\u00ed como enviados como documento electr\u00f3nico a la direcci\u00f3n <a tabindex=\"-1\" href=\"mailto:pd.ingbiomed@upm.es\" target=\"_blank\" rel=\"external nofollow noopener noreferrer\">pd.ingbiomed@upm.es<\/a>.<\/strong><\/em><\/p>\n<\/div>\n<\/div><\/div><\/div><\/div><\/div><\/div><\/div><\/div>","protected":false},"excerpt":{"rendered":"<p>Procedimiento de seguimiento de la realizaci\u00f3n de la tesis Entre los meses de septiembre y octubre de cada a\u00f1o se realizan los informes de seguimiento o plan de investigaci\u00f3n accediendo a UPM Virtual, que son obligatorios. La responsabilidad de su realizaci\u00f3n recae por igual en quienes participan en la realizaci\u00f3n de cada tesis: estudiante y [&hellip;]<\/p>\n","protected":false},"author":1,"featured_media":0,"parent":0,"menu_order":0,"comment_status":"closed","ping_status":"closed","template":"page-templates\/page_fullwidth.php","meta":[],"translation":{"provider":"WPGlobus","version":"2.7.6","language":"gb","enabled_languages":["es","gb"],"languages":{"es":{"title":true,"content":true,"excerpt":false},"gb":{"title":false,"content":false,"excerpt":false}}},"_links":{"self":[{"href":"https:\/\/doctorado.lst.tfo.upm.es\/gb\/wp-json\/wp\/v2\/pages\/35"}],"collection":[{"href":"https:\/\/doctorado.lst.tfo.upm.es\/gb\/wp-json\/wp\/v2\/pages"}],"about":[{"href":"https:\/\/doctorado.lst.tfo.upm.es\/gb\/wp-json\/wp\/v2\/types\/page"}],"author":[{"embeddable":true,"href":"https:\/\/doctorado.lst.tfo.upm.es\/gb\/wp-json\/wp\/v2\/users\/1"}],"replies":[{"embeddable":true,"href":"https:\/\/doctorado.lst.tfo.upm.es\/gb\/wp-json\/wp\/v2\/comments?post=35"}],"version-history":[{"count":19,"href":"https:\/\/doctorado.lst.tfo.upm.es\/gb\/wp-json\/wp\/v2\/pages\/35\/revisions"}],"predecessor-version":[{"id":1050,"href":"https:\/\/doctorado.lst.tfo.upm.es\/gb\/wp-json\/wp\/v2\/pages\/35\/revisions\/1050"}],"wp:attachment":[{"href":"https:\/\/doctorado.lst.tfo.upm.es\/gb\/wp-json\/wp\/v2\/media?parent=35"}],"curies":[{"name":"wp","href":"https:\/\/api.w.org\/{rel}","templated":true}]}}