{"id":37,"date":"2020-09-18T17:02:44","date_gmt":"2020-09-18T15:02:44","guid":{"rendered":"https:\/\/doctorado.lst.tfo.upm.es\/?page_id=37"},"modified":"2020-12-23T14:40:21","modified_gmt":"2020-12-23T12:40:21","slug":"lineas-de-investigacion","status":"publish","type":"page","link":"https:\/\/doctorado.lst.tfo.upm.es\/gb\/lineas-de-investigacion\/","title":{"rendered":"L\u00edneas de investigaci\u00f3n"},"content":{"rendered":"<div id=\"pl-gb37-6a00bee13af89\"  class=\"panel-layout\" ><div id=\"pg-gb37-6a00bee13af89-0\"  class=\"panel-grid panel-has-style\" ><div class=\"panel-row-style panel-row-style-for-gb37-6a00bee13af89-0\" ><div id=\"pgc-gb37-6a00bee13af89-0-0\"  class=\"panel-grid-cell\" ><div class=\"panel-cell-style panel-cell-style-for-gb37-6a00bee13af89-0-0\" ><div id=\"panel-gb37-6a00bee13af89-0-0-0\" class=\"so-panel widget widget_sow-image panel-first-child\" data-index=\"0\" ><div class=\"so-widget-sow-image so-widget-sow-image-default-d6014b76747a-37\">\n\n<div class=\"sow-image-container\">\n<a href=\"http:\/\/www.etsit.upm.es\/estudios\/doctorado\/programas-de-doctorado.html\" target=\"_blank\" rel=\"noopener noreferrer\" >\t<img src=\"https:\/\/doctorado.lst.tfo.upm.es\/wp-content\/uploads\/2020\/09\/logo_etsit.png\" width=\"2940\" height=\"919\" srcset=\"https:\/\/doctorado.lst.tfo.upm.es\/wp-content\/uploads\/2020\/09\/logo_etsit.png 2940w, https:\/\/doctorado.lst.tfo.upm.es\/wp-content\/uploads\/2020\/09\/logo_etsit-300x94.png 300w, https:\/\/doctorado.lst.tfo.upm.es\/wp-content\/uploads\/2020\/09\/logo_etsit-1024x320.png 1024w, https:\/\/doctorado.lst.tfo.upm.es\/wp-content\/uploads\/2020\/09\/logo_etsit-768x240.png 768w, https:\/\/doctorado.lst.tfo.upm.es\/wp-content\/uploads\/2020\/09\/logo_etsit-1536x480.png 1536w, https:\/\/doctorado.lst.tfo.upm.es\/wp-content\/uploads\/2020\/09\/logo_etsit-2048x640.png 2048w, https:\/\/doctorado.lst.tfo.upm.es\/wp-content\/uploads\/2020\/09\/logo_etsit-830x259.png 830w, https:\/\/doctorado.lst.tfo.upm.es\/wp-content\/uploads\/2020\/09\/logo_etsit-230x72.png 230w, https:\/\/doctorado.lst.tfo.upm.es\/wp-content\/uploads\/2020\/09\/logo_etsit-350x109.png 350w, https:\/\/doctorado.lst.tfo.upm.es\/wp-content\/uploads\/2020\/09\/logo_etsit-480x150.png 480w\" sizes=\"(max-width: 2940px) 100vw, 2940px\" alt=\"\" loading=\"lazy\" \t\tclass=\"so-widget-image\"\/>\n<\/a><\/div>\n\n<\/div><\/div><div id=\"panel-gb37-6a00bee13af89-0-0-1\" class=\"so-panel widget widget_nav_menu panel-last-child\" data-index=\"1\" ><div class=\"menu-left-menu-container\"><ul id=\"menu-left-menu\" class=\"menu\"><li id=\"menu-item-236\" class=\"menu-item menu-item-type-post_type menu-item-object-page menu-item-236\"><a href=\"https:\/\/doctorado.lst.tfo.upm.es\/gb\/objetivos-y-garantia-de-calidad\/\">Objetivos y Calidad<\/a><\/li>\n<li id=\"menu-item-235\" class=\"menu-item menu-item-type-post_type menu-item-object-page menu-item-235\"><a href=\"https:\/\/doctorado.lst.tfo.upm.es\/gb\/acceso-y-admision\/\">Acceso y Admisi\u00f3n<\/a><\/li>\n<li id=\"menu-item-233\" class=\"menu-item menu-item-type-post_type menu-item-object-page menu-item-233\"><a href=\"https:\/\/doctorado.lst.tfo.upm.es\/gb\/lineas-de-investigacion\/\">L\u00edneas de investigaci\u00f3n<\/a><\/li>\n<li id=\"menu-item-234\" class=\"menu-item menu-item-type-post_type menu-item-object-page menu-item-234\"><a href=\"https:\/\/doctorado.lst.tfo.upm.es\/gb\/tesis-doctoral\/\">Tesis Doctoral<\/a><\/li>\n<li id=\"menu-item-232\" class=\"menu-item menu-item-type-post_type menu-item-object-page menu-item-232\"><a href=\"https:\/\/doctorado.lst.tfo.upm.es\/gb\/coordinacion\/\">Coordinaci\u00f3n<\/a><\/li>\n<li id=\"menu-item-231\" class=\"menu-item menu-item-type-post_type menu-item-object-page menu-item-231\"><a href=\"https:\/\/doctorado.lst.tfo.upm.es\/gb\/informacion-adicional\/\">Informaci\u00f3n adicional<\/a><\/li>\n<\/ul><\/div><\/div><\/div><\/div><div id=\"pgc-gb37-6a00bee13af89-0-1\"  class=\"panel-grid-cell\" ><div class=\"panel-cell-style panel-cell-style-for-gb37-6a00bee13af89-0-1\" ><div id=\"panel-gb37-6a00bee13af89-0-1-0\" class=\"so-panel widget widget_sow-editor panel-first-child\" data-index=\"2\" ><div class=\"panel-widget-style panel-widget-style-for-gb37-6a00bee13af89-0-1-0\" ><div class=\"so-widget-sow-editor so-widget-sow-editor-base\">\n<div class=\"siteorigin-widget-tinymce textwidget\">\n\t<h4><b>L\u00edneas de investigaci\u00f3n<\/b><\/h4>\n<p style=\"text-align: justify;\">En la actualidad el programa de doctorado cuenta con profesores expertos de diferentes disciplinas, no solo del mundo de la ingenier\u00eda sino tambi\u00e9n de otros campos relacionados con la biolog\u00eda y la medicina. Las actividades de investigaci\u00f3n se pueden estructurar en tres l\u00edneas principales:<\/p>\n<ul style=\"text-align: justify;\">\n<li>L\u00ednea 1: Telemedicina y sistemas de informaci\u00f3n<\/li>\n<li>L\u00ednea 2: Procesamiento de se\u00f1ales e im\u00e1genes m\u00e9dicas<\/li>\n<li>L\u00ednea 3: Dispositivos, biomateriales y biomec\u00e1nica<\/li>\n<\/ul>\n<p style=\"text-align: justify;\">Bajo estas l\u00edneas de investigaci\u00f3n se enmarcan diferentes \u00e1reas de trabajo sobre las cu\u00e1les los alumnos interesados pueden desarrollar su proyecto de tesis.<\/p>\n<ol>\n<li style=\"text-align: justify;\"><b>Dise\u00f1o y fabricaci\u00f3n de nanoestructuras bio-compatibles<\/b>\u00a0y estables en el medio biol\u00f3gico para su uso como marcadores\/contrastes (RM y MEG) para diagn\u00f3stico precoz de enfermedades (neurodegenerativas)<\/li>\n<li style=\"text-align: justify;\"><b>Instrumentaci\u00f3n para el guiado externo de nanoestructuras magn\u00e9ticas<\/b>\u00a0para el transporte de mol\u00e9culas terap\u00e9uticas y focalizaci\u00f3n en tejidos\/c\u00e9lulas objetivo. Tratamientos oncol\u00f3gicos de hipertermia o liberaci\u00f3n localizada de f\u00e1rmacos<\/li>\n<li style=\"text-align: justify;\"><b>Desarrollo de t\u00e9cnicas avanzadas de an\u00e1lisis funcional y cuantitativo de imagen<\/b>\u00a0para el diagn\u00f3stico temprano de neuropatolog\u00edas (PET, MR, MEG) y patolog\u00edas cardiacas (US, MR, CT). Biofot\u00f3nica<\/li>\n<li style=\"text-align: justify;\"><b>Investigaci\u00f3n sobre micro-organizaci\u00f3n de la corteza cerebral<\/b>. An\u00e1lisis de la conectividad cerebral mediante t\u00e9cnicas funcionales de alta resoluci\u00f3n temporal (MEG\/EEG) y espacial (RMI\/PET) para neurociencia cognitiva y marcadores biol\u00f3gicos precoces de la enfermedad de Alzheimer. T\u00e9cnicas de modelado y simulaci\u00f3n<\/li>\n<li style=\"text-align: justify;\"><b>Investigaci\u00f3n sobre los mecanismos de comunicaci\u00f3n cerebrales<\/b>\u00a0con campos magn\u00e9ticos pulsados de muy baja frecuencia e intensidad . Nuevos dispositivos y actuadores. Interacci\u00f3n de los campos electromagn\u00e9ticos con las estructuras vivas<\/li>\n<li style=\"text-align: justify;\"><b>Simulaci\u00f3n Virtual y Planificaci\u00f3n quir\u00fargica en cirug\u00eda m\u00ednimamente invasiva<\/b>: Caracterizaci\u00f3n de la interacci\u00f3n sensorial en CMI. Simuladores por realidad virtual. An\u00e1lisis y procesamiento de video laparosc\u00f3pico. Reconstrucci\u00f3n 3D de la escena laparosc\u00f3pica y dise\u00f1o de aplicaciones de realidad aumentada para guiado quir\u00fargico en procedimientos complejos. Planificaci\u00f3n quir\u00fargica: reconstrucci\u00f3n tridimensional de estructuras anat\u00f3micas a partir de estudios de imagen del paciente (CT, MR y US). T\u00e9cnicas de registro multimodal de im\u00e1genes m\u00e9dicas para planificaci\u00f3n y optimizaci\u00f3n de radioterapia y desarrollo de sistemas de evaluaci\u00f3n cuantitativa de algoritmos de segmentaci\u00f3n y de registro autom\u00e1ticos para el an\u00e1lisis objetivo de los resultados.<\/li>\n<li style=\"text-align: justify;\"><b>P\u00e1ncreas artificial telem\u00e9dico<\/b>: Algoritmos de control en lazo cerrado para la administraci\u00f3n de insulina con bombas de infusi\u00f3n continua con t\u00e9cnicas de control adaptativo por inversi\u00f3n basado en un modelo de referencia; control con redes neuronales y control con l\u00f3gica borrosa. Caracterizaci\u00f3n de modelos de la din\u00e1mica glucosa insulina. Simuladores de paciente para la validaci\u00f3n in-silico de los algoritmos. Caracterizaci\u00f3n de los dispositivos comerciales de medida de glucosa continua. Estudios para evaluar el impacto de la calibraci\u00f3n.<\/li>\n<li style=\"text-align: justify;\"><b>Dispositivos inteligentes<\/b>: Redes de sensores para inteligencia ambiental (soporte de la vida independiente y de programas de auto gesti\u00f3n de enfermedades, prevenci\u00f3n de co morbilidades y su cuidado, promoci\u00f3n de h\u00e1bitos saludables). T\u00e9cnicas de predicci\u00f3n de glucosa para su aplicaci\u00f3n con dispositivos comerciales de registro continuo de glucosa subcut\u00e1nea. Modelos de predicci\u00f3n basados en redes neuronales. Aplicaci\u00f3n para la generaci\u00f3n autom\u00e1tica de alarmas y anticipaci\u00f3n en las acciones de control. Dispositivos de inteligencia ambiental para prevenci\u00f3n y seguimiento de riesgo cardiometab\u00f3lico, basados en monitorizaci\u00f3n de actividad f\u00edsica y h\u00e1bitos alimentarios y promoci\u00f3n de estilos de vida saludable.<\/li>\n<li style=\"text-align: justify;\"><b>Tecnolog\u00edas para ayuda a la decisi\u00f3n en medicina<\/b>. Extracci\u00f3n de conocimiento en bases de datos cl\u00ednicas por t\u00e9cnicas de data mining. Definici\u00f3n de \u00edndices de riesgo para evaluar el estado metab\u00f3lico del paciente y generar alarmas autom\u00e1ticas. Sistemas de ayuda a la decisi\u00f3n en el c\u00e1lculo de bolos de insulina en pacientes con diabetes Tipo 1. Definici\u00f3n de m\u00e9todos de integraci\u00f3n de informaci\u00f3n multiparam\u00e9trica procedente de variables de registro puntual (glucosa capilar, dieta, peso, otros) y de registro continuo (administraci\u00f3n de insulina, glucosa intersticial, actividad f\u00edsica).<\/li>\n<li style=\"text-align: justify;\"><b>Telemedicina domiciliaria<\/b>: Metodolog\u00edas de modelado formal de procesos y sistemas de prestaci\u00f3n de nuevos servicios de Telemedicina. Desarrollo de plataformas tecnol\u00f3gicas en estandarizaci\u00f3n e interoperabilidad de sistemas de telemedicina e historia cl\u00ednica electr\u00f3nica. Evaluaci\u00f3n de servicios asistenciales basados en telemedicina como el seguimiento intensificado de pacientes cr\u00f3nicos (diabetes, VIH, EPOC); teleconsulta por videoconferencia (telepsiquiatr\u00eda, consultor\u00eda); telemedicina sostenible para pa\u00edses en v\u00edas de desarrollo; telerrehabilitaci\u00f3n en da\u00f1o cerebral adquirido y \u201cAmbient Assisted Living\u201d para ancianos (deterioro cognitivo). Arquitecturas multi-agente contemplando aspectos de redundancia que garantizan la robustez y disponibilidad de los sistemas.<\/li>\n<li><b>Investigaci\u00f3n en Biomateriales y Materiales Biol\u00f3gicos<\/b>. Caracterizaci\u00f3n termo-mec\u00e1nica de vasos sangu\u00edneos humanos para aplicaci\u00f3n a procedimientos quir\u00fargicos. Biocompatibilidad y Biodeterioro. Nanotoxicidad<\/li>\n<li><b>Integraci\u00f3n, an\u00e1lisis multiescala de informaci\u00f3n biom\u00e9dica<\/b>. Modelado y simulaci\u00f3n. Sistems Biology. Sistemas de informaci\u00f3n en ayuda a la medicina gen\u00f3mica y regenerativa. Investigaci\u00f3n traslacional. Inform\u00e1tica Biom\u00e9dica y Biolog\u00eda computacional<\/li>\n<\/ol>\n<\/div>\n<\/div><\/div><\/div><div id=\"panel-gb37-6a00bee13af89-0-1-1\" class=\"so-panel widget widget_sow-editor panel-last-child\" data-index=\"3\" ><div class=\"panel-widget-style panel-widget-style-for-gb37-6a00bee13af89-0-1-1\" ><div class=\"so-widget-sow-editor so-widget-sow-editor-base\">\n<div class=\"siteorigin-widget-tinymce textwidget\">\n\t<h4 style=\"text-align: justify;\"><b>Recursos Humanos<\/b><\/h4>\n<ul>\n<li style=\"text-align: justify;\"><a href=\"https:\/\/doctorado.lst.tfo.upm.es\/wp-content\/uploads\/2020\/10\/listado-profesores-DIB-2020.pdf\">Claustro<\/a><\/li>\n<li style=\"text-align: justify;\">Altas y bajas de profesores: El profesorado firmantes del documento de verificaci\u00f3n que fue aprobado para la puesta en marcha del programa de doctorado DIB 09E7 de acuerdo al RD99\/2011 es ESTABLE, es decir, su pertenencia al al claustro es incondicionada mientras persista el programa de doctorado. De entre este colectivo se eligen a la Comisi\u00f3n Acad\u00e9mica del Programa de Doctorado en Ingenier\u00eda Biom\u00e9dica. El resto del profesorado es VINCULADO, y su permanencia depende de que mantengan la direcci\u00f3n de tesis doctorales en activo. Quien desee pertenecer al Claustro de profesores, siendo la \u00fanica posibilidad el estatus de VINCULADO\/A, debe solicitarlo a la CAPDIB mediante el documento Alta de profesor (<a href=\"https:\/\/doctorado.lst.tfo.upm.es\/wp-content\/uploads\/2020\/09\/Alta-de-profesor.pdf\">pdf<\/a>) o (<a href=\"https:\/\/doctorado.lst.tfo.upm.es\/wp-content\/uploads\/2020\/09\/Alta-de-profesor.doc\">word<\/a>), adjuntando, a su vez un CV actualizado y el documento con el c\u00e1lculo de la puntuaci\u00f3n sobre los m\u00e9ritos resumidos: <a href=\"https:\/\/doctorado.lst.tfo.upm.es\/wp-content\/uploads\/2020\/09\/CRITERIOS-Historial_Profesor_DIB-09D9-vacio.xls\">CRITERIOS-Historial_Profesor_DIB<\/a>. El requisito para poder solicitar la admisi\u00f3n al claustro es el apoyar a estudiantes que se incorporen al programa, manteniendo el profesorado VINCULADO esta vinculaci\u00f3n con el programa en tanto en cuanto la o las tesis dirigidas sigan en activo, o se incorporen m\u00e1s estudiantes con su apoyo, abandonando el programa si cesan en la direcci\u00f3n de tesis<\/li>\n<\/ul>\n<\/div>\n<\/div><\/div><\/div><\/div><\/div><\/div><\/div><\/div>","protected":false},"excerpt":{"rendered":"<p>L\u00edneas de investigaci\u00f3n En la actualidad el programa de doctorado cuenta con profesores expertos de diferentes disciplinas, no solo del mundo de la ingenier\u00eda sino tambi\u00e9n de otros campos relacionados con la biolog\u00eda y la medicina. Las actividades de investigaci\u00f3n se pueden estructurar en tres l\u00edneas principales: L\u00ednea 1: Telemedicina y sistemas de informaci\u00f3n L\u00ednea [&hellip;]<\/p>\n","protected":false},"author":1,"featured_media":0,"parent":0,"menu_order":0,"comment_status":"closed","ping_status":"closed","template":"page-templates\/page_fullwidth.php","meta":[],"translation":{"provider":"WPGlobus","version":"2.7.6","language":"gb","enabled_languages":["es","gb"],"languages":{"es":{"title":true,"content":true,"excerpt":false},"gb":{"title":false,"content":false,"excerpt":false}}},"_links":{"self":[{"href":"https:\/\/doctorado.lst.tfo.upm.es\/gb\/wp-json\/wp\/v2\/pages\/37"}],"collection":[{"href":"https:\/\/doctorado.lst.tfo.upm.es\/gb\/wp-json\/wp\/v2\/pages"}],"about":[{"href":"https:\/\/doctorado.lst.tfo.upm.es\/gb\/wp-json\/wp\/v2\/types\/page"}],"author":[{"embeddable":true,"href":"https:\/\/doctorado.lst.tfo.upm.es\/gb\/wp-json\/wp\/v2\/users\/1"}],"replies":[{"embeddable":true,"href":"https:\/\/doctorado.lst.tfo.upm.es\/gb\/wp-json\/wp\/v2\/comments?post=37"}],"version-history":[{"count":15,"href":"https:\/\/doctorado.lst.tfo.upm.es\/gb\/wp-json\/wp\/v2\/pages\/37\/revisions"}],"predecessor-version":[{"id":1036,"href":"https:\/\/doctorado.lst.tfo.upm.es\/gb\/wp-json\/wp\/v2\/pages\/37\/revisions\/1036"}],"wp:attachment":[{"href":"https:\/\/doctorado.lst.tfo.upm.es\/gb\/wp-json\/wp\/v2\/media?parent=37"}],"curies":[{"name":"wp","href":"https:\/\/api.w.org\/{rel}","templated":true}]}}