{"id":39,"date":"2020-09-18T17:03:16","date_gmt":"2020-09-18T15:03:16","guid":{"rendered":"https:\/\/doctorado.lst.tfo.upm.es\/?page_id=39"},"modified":"2020-09-21T13:03:41","modified_gmt":"2020-09-21T11:03:41","slug":"sistema-de-garantia-de-calidad","status":"publish","type":"page","link":"https:\/\/doctorado.lst.tfo.upm.es\/gb\/dib\/sistema-de-garantia-de-calidad\/","title":{"rendered":"Sistema de garant\u00eda de calidad"},"content":{"rendered":"<div id=\"pl-gb39-69ebd04c3f1c2\"  class=\"panel-layout\" ><div id=\"pg-gb39-69ebd04c3f1c2-0\"  class=\"panel-grid panel-has-style\" ><div class=\"siteorigin-panels-stretch panel-row-style panel-row-style-for-gb39-69ebd04c3f1c2-0\" data-stretch-type=\"full\" ><div id=\"pgc-gb39-69ebd04c3f1c2-0-0\"  class=\"panel-grid-cell\" ><div id=\"panel-gb39-69ebd04c3f1c2-0-0-0\" class=\"so-panel widget widget_sow-editor panel-first-child panel-last-child\" data-index=\"0\" ><div class=\"so-widget-sow-editor so-widget-sow-editor-base\">\n<div class=\"siteorigin-widget-tinymce textwidget\">\n\t<p>El sistema de gesti\u00f3n de la calidad del Programa tiene como punto de apoyo el Manual de Calidad de los Centros de la UPM, y se completa con una serie de documentos adicionales como procedimientos, registros y sistemas de informaci\u00f3n. En cada Centro existe un Responsable de Calidad que vela por el cumplimiento de lo dispuesto y sigue la norma de calidad establecida. El Sistema de Garant\u00eda Interna de Calidad tiene como \u00e1mbito de aplicaci\u00f3n el Centro, lo que afectar\u00e1 a todos los t\u00edtulos del mismo.<\/p>\n<p>El sistema de Garant\u00eda de Calidad del programa de doctorado surge del sistema de calidad aplicado en la ETSIT, unidad administrativa dentro de la UPM a la que el programa est\u00e1 adscrito: <a href=\"http:\/\/www.etsit.upm.es\/escuela\/calidad\/descripcion.html\">http:\/\/www.etsit.upm.es\/escuela\/calidad\/descripcion.html<\/a><\/p>\n<\/div>\n<\/div><\/div><\/div><\/div><\/div><\/div>","protected":false},"excerpt":{"rendered":"<p>El sistema de gesti\u00f3n de la calidad del Programa tiene como punto de apoyo el Manual de Calidad de los Centros de la UPM, y se completa con una serie de documentos adicionales como procedimientos, registros y sistemas de informaci\u00f3n. En cada Centro existe un Responsable de Calidad que vela por el cumplimiento de lo [&hellip;]<\/p>\n","protected":false},"author":1,"featured_media":0,"parent":66,"menu_order":0,"comment_status":"closed","ping_status":"closed","template":"page-templates\/page_fullwidth.php","meta":[],"translation":{"provider":"WPGlobus","version":"2.7.6","language":"gb","enabled_languages":["es","gb"],"languages":{"es":{"title":true,"content":true,"excerpt":false},"gb":{"title":false,"content":false,"excerpt":false}}},"_links":{"self":[{"href":"https:\/\/doctorado.lst.tfo.upm.es\/gb\/wp-json\/wp\/v2\/pages\/39"}],"collection":[{"href":"https:\/\/doctorado.lst.tfo.upm.es\/gb\/wp-json\/wp\/v2\/pages"}],"about":[{"href":"https:\/\/doctorado.lst.tfo.upm.es\/gb\/wp-json\/wp\/v2\/types\/page"}],"author":[{"embeddable":true,"href":"https:\/\/doctorado.lst.tfo.upm.es\/gb\/wp-json\/wp\/v2\/users\/1"}],"replies":[{"embeddable":true,"href":"https:\/\/doctorado.lst.tfo.upm.es\/gb\/wp-json\/wp\/v2\/comments?post=39"}],"version-history":[{"count":3,"href":"https:\/\/doctorado.lst.tfo.upm.es\/gb\/wp-json\/wp\/v2\/pages\/39\/revisions"}],"predecessor-version":[{"id":136,"href":"https:\/\/doctorado.lst.tfo.upm.es\/gb\/wp-json\/wp\/v2\/pages\/39\/revisions\/136"}],"up":[{"embeddable":true,"href":"https:\/\/doctorado.lst.tfo.upm.es\/gb\/wp-json\/wp\/v2\/pages\/66"}],"wp:attachment":[{"href":"https:\/\/doctorado.lst.tfo.upm.es\/gb\/wp-json\/wp\/v2\/media?parent=39"}],"curies":[{"name":"wp","href":"https:\/\/api.w.org\/{rel}","templated":true}]}}