{"id":41,"date":"2020-09-18T17:03:42","date_gmt":"2020-09-18T15:03:42","guid":{"rendered":"https:\/\/doctorado.lst.tfo.upm.es\/?page_id=41"},"modified":"2024-07-09T15:44:51","modified_gmt":"2024-07-09T13:44:51","slug":"coordinacion","status":"publish","type":"page","link":"https:\/\/doctorado.lst.tfo.upm.es\/gb\/coordinacion\/","title":{"rendered":"Coordinaci\u00f3n"},"content":{"rendered":"<div id=\"pl-gb41-6a00c77d84c69\"  class=\"panel-layout\" ><div id=\"pg-gb41-6a00c77d84c69-0\"  class=\"panel-grid panel-has-style\" ><div class=\"panel-row-style panel-row-style-for-gb41-6a00c77d84c69-0\" ><div id=\"pgc-gb41-6a00c77d84c69-0-0\"  class=\"panel-grid-cell\" ><div class=\"panel-cell-style panel-cell-style-for-gb41-6a00c77d84c69-0-0\" ><div id=\"panel-gb41-6a00c77d84c69-0-0-0\" class=\"so-panel widget widget_sow-image panel-first-child\" data-index=\"0\" ><div class=\"so-widget-sow-image so-widget-sow-image-default-d6014b76747a-41\">\n\n<div class=\"sow-image-container\">\n<a href=\"http:\/\/www.etsit.upm.es\/estudios\/doctorado\/programas-de-doctorado.html\" target=\"_blank\" rel=\"noopener noreferrer\" >\t<img src=\"https:\/\/doctorado.lst.tfo.upm.es\/wp-content\/uploads\/2020\/09\/logo_etsit.png\" width=\"2940\" height=\"919\" srcset=\"https:\/\/doctorado.lst.tfo.upm.es\/wp-content\/uploads\/2020\/09\/logo_etsit.png 2940w, https:\/\/doctorado.lst.tfo.upm.es\/wp-content\/uploads\/2020\/09\/logo_etsit-300x94.png 300w, https:\/\/doctorado.lst.tfo.upm.es\/wp-content\/uploads\/2020\/09\/logo_etsit-1024x320.png 1024w, https:\/\/doctorado.lst.tfo.upm.es\/wp-content\/uploads\/2020\/09\/logo_etsit-768x240.png 768w, https:\/\/doctorado.lst.tfo.upm.es\/wp-content\/uploads\/2020\/09\/logo_etsit-1536x480.png 1536w, https:\/\/doctorado.lst.tfo.upm.es\/wp-content\/uploads\/2020\/09\/logo_etsit-2048x640.png 2048w, https:\/\/doctorado.lst.tfo.upm.es\/wp-content\/uploads\/2020\/09\/logo_etsit-830x259.png 830w, https:\/\/doctorado.lst.tfo.upm.es\/wp-content\/uploads\/2020\/09\/logo_etsit-230x72.png 230w, https:\/\/doctorado.lst.tfo.upm.es\/wp-content\/uploads\/2020\/09\/logo_etsit-350x109.png 350w, https:\/\/doctorado.lst.tfo.upm.es\/wp-content\/uploads\/2020\/09\/logo_etsit-480x150.png 480w\" sizes=\"(max-width: 2940px) 100vw, 2940px\" alt=\"\" loading=\"lazy\" \t\tclass=\"so-widget-image\"\/>\n<\/a><\/div>\n\n<\/div><\/div><div id=\"panel-gb41-6a00c77d84c69-0-0-1\" class=\"so-panel widget widget_nav_menu panel-last-child\" data-index=\"1\" ><div class=\"menu-left-menu-container\"><ul id=\"menu-left-menu\" class=\"menu\"><li id=\"menu-item-236\" class=\"menu-item menu-item-type-post_type menu-item-object-page menu-item-236\"><a href=\"https:\/\/doctorado.lst.tfo.upm.es\/gb\/objetivos-y-garantia-de-calidad\/\">Objetivos y Calidad<\/a><\/li>\n<li id=\"menu-item-235\" class=\"menu-item menu-item-type-post_type menu-item-object-page menu-item-235\"><a href=\"https:\/\/doctorado.lst.tfo.upm.es\/gb\/acceso-y-admision\/\">Acceso y Admisi\u00f3n<\/a><\/li>\n<li id=\"menu-item-233\" class=\"menu-item menu-item-type-post_type menu-item-object-page menu-item-233\"><a href=\"https:\/\/doctorado.lst.tfo.upm.es\/gb\/lineas-de-investigacion\/\">L\u00edneas de investigaci\u00f3n<\/a><\/li>\n<li id=\"menu-item-234\" class=\"menu-item menu-item-type-post_type menu-item-object-page menu-item-234\"><a href=\"https:\/\/doctorado.lst.tfo.upm.es\/gb\/tesis-doctoral\/\">Tesis Doctoral<\/a><\/li>\n<li id=\"menu-item-232\" class=\"menu-item menu-item-type-post_type menu-item-object-page menu-item-232\"><a href=\"https:\/\/doctorado.lst.tfo.upm.es\/gb\/coordinacion\/\">Coordinaci\u00f3n<\/a><\/li>\n<li id=\"menu-item-231\" class=\"menu-item menu-item-type-post_type menu-item-object-page menu-item-231\"><a href=\"https:\/\/doctorado.lst.tfo.upm.es\/gb\/informacion-adicional\/\">Informaci\u00f3n adicional<\/a><\/li>\n<\/ul><\/div><\/div><\/div><\/div><div id=\"pgc-gb41-6a00c77d84c69-0-1\"  class=\"panel-grid-cell\" ><div class=\"panel-cell-style panel-cell-style-for-gb41-6a00c77d84c69-0-1\" ><div id=\"panel-gb41-6a00c77d84c69-0-1-0\" class=\"so-panel widget widget_sow-editor panel-first-child\" data-index=\"2\" ><div class=\"panel-widget-style panel-widget-style-for-gb41-6a00c77d84c69-0-1-0\" ><div class=\"so-widget-sow-editor so-widget-sow-editor-base\">\n<div class=\"siteorigin-widget-tinymce textwidget\">\n\t<h4><b>Coordinaci\u00f3n del Programa de Doctorado<\/b><\/h4>\n<table class=\"aligncenter\" style=\"width: 75%; margin-left: 10%;\">\n<tbody>\n<tr style=\"margin-left: 5%; margin-right: 5%; border: 0px;\">\n<td style=\"border: 0px;\"><img class=\"aligncenter\" src=\"https:\/\/doctorado.lst.tfo.upm.es\/wp-content\/uploads\/2020\/11\/jj.png\" alt=\"\" width=\"50%\" \/><\/td>\n<td style=\"border: 0px;\"><img class=\"aligncenter\" src=\"https:\/\/doctorado.lst.tfo.upm.es\/wp-content\/uploads\/2024\/07\/MG_6888_11zon-1-scaled-e1720532506578.jpg\" alt=\"\" width=\"50%\" \/><\/td>\n<\/tr>\n<tr style=\"margin-left: 5%; margin-right: 5%; border: 0px;\">\n<td style=\"text-align: center; border: 0px; margin-bottom: 0%;\"><strong>Coordinador<\/strong><br \/>\nProf. Jos\u00e9 Javier Serrano Olmedo<\/td>\n<td style=\"text-align: center; border: 0px; margin-bottom: 0%;\"><strong>Secretario<\/strong><br \/>\nProf. Josu\u00e9 Pag\u00e1n Ort\u00edz<\/td>\n<\/tr>\n<\/tbody>\n<\/table>\n<\/div>\n<\/div><\/div><\/div><div id=\"panel-gb41-6a00c77d84c69-0-1-1\" class=\"so-panel widget widget_sow-editor\" data-index=\"3\" ><div class=\"panel-widget-style panel-widget-style-for-gb41-6a00c77d84c69-0-1-1\" ><div class=\"so-widget-sow-editor so-widget-sow-editor-base\">\n<div class=\"siteorigin-widget-tinymce textwidget\">\n\t<h4><b>Informaci\u00f3n importante<\/b><\/h4>\n<ul style=\"text-align: justify;\">\n<li>Todos las solicitudes son tramitadas por la Comisi\u00f3n del Programa de Doctorado en Ingenier\u00eda Biom\u00e9dica (CAPDIB).<\/li>\n<li>La CAPDIB se re\u00fane sin periodicidad fija sino cuando es necesario por tener conocimiento de solicitudes de estudiantes o docentes o por otras causas.<\/li>\n<li>Todas las solicitudes de tramitaci\u00f3n ordinaria, extraordinaria o solicitudes de informaci\u00f3n deben dirigirse por mail, preferiblemente, a los datos de contacto indicados en este sitio web.<\/li>\n<\/ul>\n<\/div>\n<\/div><\/div><\/div><div id=\"panel-gb41-6a00c77d84c69-0-1-2\" class=\"so-panel widget widget_sow-editor panel-last-child\" data-index=\"4\" ><div class=\"panel-widget-style panel-widget-style-for-gb41-6a00c77d84c69-0-1-2\" ><div class=\"so-widget-sow-editor so-widget-sow-editor-base\">\n<div class=\"siteorigin-widget-tinymce textwidget\">\n\t<h4><b>Datos de contacto<\/b><\/h4>\n<p style=\"text-align: justify;\"><strong><i class=\"fas fa-at\"><\/i> \u00a0<\/strong><a tabindex=\"-1\" href=\"mailto:pd.ingbiomed@upm.es\" target=\"_blank\" rel=\"external nofollow noopener noreferrer\">pd.ingbiomed@upm.es<\/a><\/p>\n<p style=\"text-align: justify;\"><strong><i class=\"fas fa-phone\"><\/i><\/strong>\u00a0 (+34) 913 364 645, (+34) 913 367 217<\/p>\n<p style=\"text-align: justify;\"><strong><i class=\"fas fa-envelope\"><\/i><\/strong><br \/>\nJos\u00e9 Javier Serrano Olmedo<br \/>\n<em>Coordinador de la CAPIB<\/em><br \/>\n<em>L307, Edificio A,<\/em><br \/>\n<em>ETSIT,<\/em><br \/>\n<em>Ciudad Universitaria n\u00ba 30,<\/em><br \/>\n<em>28040 Madrid (SPAIN)<\/em><\/p>\n<p>&nbsp;<\/p>\n<\/div>\n<\/div><\/div><\/div><\/div><\/div><\/div><\/div><\/div>","protected":false},"excerpt":{"rendered":"<p>Coordinaci\u00f3n del Programa de Doctorado Coordinador Prof. Jos\u00e9 Javier Serrano Olmedo Secretario Prof. Josu\u00e9 Pag\u00e1n Ort\u00edz Informaci\u00f3n importante Todos las solicitudes son tramitadas por la Comisi\u00f3n del Programa de Doctorado en Ingenier\u00eda Biom\u00e9dica (CAPDIB). La CAPDIB se re\u00fane sin periodicidad fija sino cuando es necesario por tener conocimiento de solicitudes de estudiantes o docentes o [&hellip;]<\/p>\n","protected":false},"author":1,"featured_media":0,"parent":0,"menu_order":0,"comment_status":"closed","ping_status":"closed","template":"page-templates\/page_fullwidth.php","meta":[],"translation":{"provider":"WPGlobus","version":"2.7.6","language":"gb","enabled_languages":["es","gb"],"languages":{"es":{"title":true,"content":true,"excerpt":false},"gb":{"title":false,"content":false,"excerpt":false}}},"_links":{"self":[{"href":"https:\/\/doctorado.lst.tfo.upm.es\/gb\/wp-json\/wp\/v2\/pages\/41"}],"collection":[{"href":"https:\/\/doctorado.lst.tfo.upm.es\/gb\/wp-json\/wp\/v2\/pages"}],"about":[{"href":"https:\/\/doctorado.lst.tfo.upm.es\/gb\/wp-json\/wp\/v2\/types\/page"}],"author":[{"embeddable":true,"href":"https:\/\/doctorado.lst.tfo.upm.es\/gb\/wp-json\/wp\/v2\/users\/1"}],"replies":[{"embeddable":true,"href":"https:\/\/doctorado.lst.tfo.upm.es\/gb\/wp-json\/wp\/v2\/comments?post=41"}],"version-history":[{"count":40,"href":"https:\/\/doctorado.lst.tfo.upm.es\/gb\/wp-json\/wp\/v2\/pages\/41\/revisions"}],"predecessor-version":[{"id":1223,"href":"https:\/\/doctorado.lst.tfo.upm.es\/gb\/wp-json\/wp\/v2\/pages\/41\/revisions\/1223"}],"wp:attachment":[{"href":"https:\/\/doctorado.lst.tfo.upm.es\/gb\/wp-json\/wp\/v2\/media?parent=41"}],"curies":[{"name":"wp","href":"https:\/\/api.w.org\/{rel}","templated":true}]}}