{"id":43,"date":"2020-09-18T17:04:04","date_gmt":"2020-09-18T15:04:04","guid":{"rendered":"https:\/\/doctorado.lst.tfo.upm.es\/?page_id=43"},"modified":"2020-12-23T15:04:17","modified_gmt":"2020-12-23T13:04:17","slug":"informacion-adicional","status":"publish","type":"page","link":"https:\/\/doctorado.lst.tfo.upm.es\/gb\/informacion-adicional\/","title":{"rendered":"Informaci\u00f3n adicional"},"content":{"rendered":"<div id=\"pl-gb43-6a00c93831164\"  class=\"panel-layout\" ><div id=\"pg-gb43-6a00c93831164-0\"  class=\"panel-grid panel-has-style\" ><div class=\"panel-row-style panel-row-style-for-gb43-6a00c93831164-0\" ><div id=\"pgc-gb43-6a00c93831164-0-0\"  class=\"panel-grid-cell\" ><div class=\"panel-cell-style panel-cell-style-for-gb43-6a00c93831164-0-0\" ><div id=\"panel-gb43-6a00c93831164-0-0-0\" class=\"so-panel widget widget_sow-image panel-first-child\" data-index=\"0\" ><div class=\"so-widget-sow-image so-widget-sow-image-default-d6014b76747a-43\">\n\n<div class=\"sow-image-container\">\n<a href=\"http:\/\/www.etsit.upm.es\/estudios\/doctorado\/programas-de-doctorado.html\" target=\"_blank\" rel=\"noopener noreferrer\" >\t<img src=\"https:\/\/doctorado.lst.tfo.upm.es\/wp-content\/uploads\/2020\/09\/logo_etsit.png\" width=\"2940\" height=\"919\" srcset=\"https:\/\/doctorado.lst.tfo.upm.es\/wp-content\/uploads\/2020\/09\/logo_etsit.png 2940w, https:\/\/doctorado.lst.tfo.upm.es\/wp-content\/uploads\/2020\/09\/logo_etsit-300x94.png 300w, https:\/\/doctorado.lst.tfo.upm.es\/wp-content\/uploads\/2020\/09\/logo_etsit-1024x320.png 1024w, https:\/\/doctorado.lst.tfo.upm.es\/wp-content\/uploads\/2020\/09\/logo_etsit-768x240.png 768w, https:\/\/doctorado.lst.tfo.upm.es\/wp-content\/uploads\/2020\/09\/logo_etsit-1536x480.png 1536w, https:\/\/doctorado.lst.tfo.upm.es\/wp-content\/uploads\/2020\/09\/logo_etsit-2048x640.png 2048w, https:\/\/doctorado.lst.tfo.upm.es\/wp-content\/uploads\/2020\/09\/logo_etsit-830x259.png 830w, https:\/\/doctorado.lst.tfo.upm.es\/wp-content\/uploads\/2020\/09\/logo_etsit-230x72.png 230w, https:\/\/doctorado.lst.tfo.upm.es\/wp-content\/uploads\/2020\/09\/logo_etsit-350x109.png 350w, https:\/\/doctorado.lst.tfo.upm.es\/wp-content\/uploads\/2020\/09\/logo_etsit-480x150.png 480w\" sizes=\"(max-width: 2940px) 100vw, 2940px\" alt=\"\" loading=\"lazy\" \t\tclass=\"so-widget-image\"\/>\n<\/a><\/div>\n\n<\/div><\/div><div id=\"panel-gb43-6a00c93831164-0-0-1\" class=\"so-panel widget widget_nav_menu panel-last-child\" data-index=\"1\" ><div class=\"menu-left-menu-container\"><ul id=\"menu-left-menu\" class=\"menu\"><li id=\"menu-item-236\" class=\"menu-item menu-item-type-post_type menu-item-object-page menu-item-236\"><a href=\"https:\/\/doctorado.lst.tfo.upm.es\/gb\/objetivos-y-garantia-de-calidad\/\">Objetivos y Calidad<\/a><\/li>\n<li id=\"menu-item-235\" class=\"menu-item menu-item-type-post_type menu-item-object-page menu-item-235\"><a href=\"https:\/\/doctorado.lst.tfo.upm.es\/gb\/acceso-y-admision\/\">Acceso y Admisi\u00f3n<\/a><\/li>\n<li id=\"menu-item-233\" class=\"menu-item menu-item-type-post_type menu-item-object-page menu-item-233\"><a href=\"https:\/\/doctorado.lst.tfo.upm.es\/gb\/lineas-de-investigacion\/\">L\u00edneas de investigaci\u00f3n<\/a><\/li>\n<li id=\"menu-item-234\" class=\"menu-item menu-item-type-post_type menu-item-object-page menu-item-234\"><a href=\"https:\/\/doctorado.lst.tfo.upm.es\/gb\/tesis-doctoral\/\">Tesis Doctoral<\/a><\/li>\n<li id=\"menu-item-232\" class=\"menu-item menu-item-type-post_type menu-item-object-page menu-item-232\"><a href=\"https:\/\/doctorado.lst.tfo.upm.es\/gb\/coordinacion\/\">Coordinaci\u00f3n<\/a><\/li>\n<li id=\"menu-item-231\" class=\"menu-item menu-item-type-post_type menu-item-object-page menu-item-231\"><a href=\"https:\/\/doctorado.lst.tfo.upm.es\/gb\/informacion-adicional\/\">Informaci\u00f3n adicional<\/a><\/li>\n<\/ul><\/div><\/div><\/div><\/div><div id=\"pgc-gb43-6a00c93831164-0-1\"  class=\"panel-grid-cell\" ><div class=\"panel-cell-style panel-cell-style-for-gb43-6a00c93831164-0-1\" ><div id=\"panel-gb43-6a00c93831164-0-1-0\" class=\"so-panel widget widget_sow-editor panel-first-child\" data-index=\"2\" ><div class=\"panel-widget-style panel-widget-style-for-gb43-6a00c93831164-0-1-0\" ><div class=\"so-widget-sow-editor so-widget-sow-editor-base\">\n<div class=\"siteorigin-widget-tinymce textwidget\">\n\t<h4>Informaci\u00f3n adicional<\/h4>\n<ul>\n<li><a href=\"http:\/\/www.upm.es\/sfs\/Rectorado\/Vicerrectorado%20de%20Alumnos\/Extension%20Universitaria\/Intercambios:%20movilidad%20de%20estudiantes\/Erasmus\/Extranjeros\/guia_estudiantes_extranjeros-SPANISH_20121022.pdf\">Gu\u00eda para estudiantes extranjeros<\/a><\/li>\n<li><a href=\"http:\/\/www.upm.es\/sfs\/Rectorado\/Vicerrectorado%20de%20Alumnos\/Extension%20Universitaria\/Intercambios:%20movilidad%20de%20estudiantes\/Erasmus\/Extranjeros\/guia_estudiantes_extranjeros-ENGLISH_20121022.pdf\">Foreign Students Guide<\/a><\/li>\n<\/ul>\n<\/div>\n<\/div><\/div><\/div><div id=\"panel-gb43-6a00c93831164-0-1-1\" class=\"so-panel widget widget_sow-editor\" data-index=\"3\" ><div class=\"panel-widget-style panel-widget-style-for-gb43-6a00c93831164-0-1-1\" ><div class=\"so-widget-sow-editor so-widget-sow-editor-base\">\n<div class=\"siteorigin-widget-tinymce textwidget\">\n\t<h4>Informaci\u00f3n sobre\u00a0Becas:<\/h4>\n<ul>\n<li><a href=\"https:\/\/www.upm.es\/Estudiantes\/BecasAyudasPremios\/Becas\">Becas para realizaci\u00f3n del Doctorado y movilidad<\/a><\/li>\n<li><a href=\"http:\/\/www.boe.es\/boe\/dias\/2004\/03\/12\/pdfs\/A11176-11192.pdf\">Informaci\u00f3n sobre retenciones a becas de alumnos extranjeros<\/a><\/li>\n<\/ul>\n<\/div>\n<\/div><\/div><\/div><div id=\"panel-gb43-6a00c93831164-0-1-2\" class=\"so-panel widget widget_sow-editor panel-last-child\" data-index=\"4\" ><div class=\"panel-widget-style panel-widget-style-for-gb43-6a00c93831164-0-1-2\" ><div class=\"so-widget-sow-editor so-widget-sow-editor-base\">\n<div class=\"siteorigin-widget-tinymce textwidget\">\n\t<h4>Enlaces de inter\u00e9s<\/h4>\n<ul>\n<li><a href=\"http:\/\/www.ctb.upm.es\/\">Centro de Tecnolog\u00eda Biom\u00e9dica<\/a><\/li>\n<li><a href=\"http:\/\/eambes.org\/\">European Alliance for Medical and Biological Engineering &amp; Sciences<\/a><\/li>\n<li><a href=\"https:\/\/www.ifmbe.org\/\">International Federation for Medical and Biological Engineering<\/a><\/li>\n<li><a href=\"http:\/\/seib.org.es\/\">Sociedad Espa\u00f1ola de Ingenier\u00eda Biom\u00e9dica<\/a><\/li>\n<li><a href=\"https:\/\/www.whitaker.org\/\">Whitaker Foundation and Biomedical Engineering Curriculum Database<\/a><\/li>\n<li><a href=\"http:\/\/healthfirsteurope.eu\/\">Health First Europe<\/a><\/li>\n<li><a href=\"http:\/\/www.etsit.upm.es\/estudios\/doctorado\/programas-de-doctorado.html\">Informaci\u00f3n sobre doctorado en la ETSIT<\/a><\/li>\n<li><a href=\"https:\/\/www.upm.es\/Estudiantes\/Estudios_Titulaciones\/Estudios_Doctorado\/normativa\">Informaci\u00f3n sobre doctorado en la UPM (rectorado)<\/a><\/li>\n<li><a href=\"https:\/\/blogs.upm.es\/eidoctorado\/\">Escuela Internacional de Doctorado de la UPM<\/a><\/li>\n<\/ul>\n<\/div>\n<\/div><\/div><\/div><\/div><\/div><\/div><\/div><\/div>","protected":false},"excerpt":{"rendered":"<p>Informaci\u00f3n adicional Gu\u00eda para estudiantes extranjeros Foreign Students Guide Informaci\u00f3n sobre\u00a0Becas: Becas para realizaci\u00f3n del Doctorado y movilidad Informaci\u00f3n sobre retenciones a becas de alumnos extranjeros Enlaces de inter\u00e9s Centro de Tecnolog\u00eda Biom\u00e9dica European Alliance for Medical and Biological Engineering &amp; Sciences International Federation for Medical and Biological Engineering Sociedad Espa\u00f1ola de Ingenier\u00eda Biom\u00e9dica Whitaker [&hellip;]<\/p>\n","protected":false},"author":1,"featured_media":0,"parent":0,"menu_order":0,"comment_status":"closed","ping_status":"closed","template":"page-templates\/page_fullwidth.php","meta":[],"translation":{"provider":"WPGlobus","version":"2.7.6","language":"gb","enabled_languages":["es","gb"],"languages":{"es":{"title":true,"content":true,"excerpt":false},"gb":{"title":false,"content":false,"excerpt":false}}},"_links":{"self":[{"href":"https:\/\/doctorado.lst.tfo.upm.es\/gb\/wp-json\/wp\/v2\/pages\/43"}],"collection":[{"href":"https:\/\/doctorado.lst.tfo.upm.es\/gb\/wp-json\/wp\/v2\/pages"}],"about":[{"href":"https:\/\/doctorado.lst.tfo.upm.es\/gb\/wp-json\/wp\/v2\/types\/page"}],"author":[{"embeddable":true,"href":"https:\/\/doctorado.lst.tfo.upm.es\/gb\/wp-json\/wp\/v2\/users\/1"}],"replies":[{"embeddable":true,"href":"https:\/\/doctorado.lst.tfo.upm.es\/gb\/wp-json\/wp\/v2\/comments?post=43"}],"version-history":[{"count":12,"href":"https:\/\/doctorado.lst.tfo.upm.es\/gb\/wp-json\/wp\/v2\/pages\/43\/revisions"}],"predecessor-version":[{"id":1056,"href":"https:\/\/doctorado.lst.tfo.upm.es\/gb\/wp-json\/wp\/v2\/pages\/43\/revisions\/1056"}],"wp:attachment":[{"href":"https:\/\/doctorado.lst.tfo.upm.es\/gb\/wp-json\/wp\/v2\/media?parent=43"}],"curies":[{"name":"wp","href":"https:\/\/api.w.org\/{rel}","templated":true}]}}