{"id":548,"date":"2020-11-24T13:45:25","date_gmt":"2020-11-24T11:45:25","guid":{"rendered":"https:\/\/doctorado.lst.tfo.upm.es\/?page_id=548"},"modified":"2020-11-30T12:00:28","modified_gmt":"2020-11-30T10:00:28","slug":"coordinacion-dib","status":"publish","type":"page","link":"https:\/\/doctorado.lst.tfo.upm.es\/gb\/coordinacion-dib\/","title":{"rendered":"Coordinacion menu"},"content":{"rendered":"<div id=\"pl-gb548-6a00c77da2472\"  class=\"panel-layout\" ><div id=\"pg-gb548-6a00c77da2472-0\"  class=\"panel-grid panel-has-style\" ><div class=\"siteorigin-panels-stretch panel-row-style panel-row-style-for-gb548-6a00c77da2472-0\" data-stretch-type=\"full-stretched\" ><div id=\"pgc-gb548-6a00c77da2472-0-0\"  class=\"panel-grid-cell\" ><div id=\"panel-gb548-6a00c77da2472-0-0-0\" class=\"so-panel widget widget_media_image panel-first-child panel-last-child\" data-index=\"0\" ><a href=\"http:\/\/www.etsit.upm.es\/estudios\/doctorado\/programas-de-doctorado.html\"><img width=\"300\" height=\"94\" src=\"https:\/\/doctorado.lst.tfo.upm.es\/wp-content\/uploads\/2020\/09\/logo_etsit-300x94.png\" class=\"image wp-image-188  attachment-medium size-medium\" alt=\"\" loading=\"lazy\" style=\"max-width: 100%; height: auto;\" srcset=\"https:\/\/doctorado.lst.tfo.upm.es\/wp-content\/uploads\/2020\/09\/logo_etsit-300x94.png 300w, https:\/\/doctorado.lst.tfo.upm.es\/wp-content\/uploads\/2020\/09\/logo_etsit-1024x320.png 1024w, https:\/\/doctorado.lst.tfo.upm.es\/wp-content\/uploads\/2020\/09\/logo_etsit-768x240.png 768w, https:\/\/doctorado.lst.tfo.upm.es\/wp-content\/uploads\/2020\/09\/logo_etsit-1536x480.png 1536w, https:\/\/doctorado.lst.tfo.upm.es\/wp-content\/uploads\/2020\/09\/logo_etsit-2048x640.png 2048w, https:\/\/doctorado.lst.tfo.upm.es\/wp-content\/uploads\/2020\/09\/logo_etsit-830x259.png 830w, https:\/\/doctorado.lst.tfo.upm.es\/wp-content\/uploads\/2020\/09\/logo_etsit-230x72.png 230w, https:\/\/doctorado.lst.tfo.upm.es\/wp-content\/uploads\/2020\/09\/logo_etsit-350x109.png 350w, https:\/\/doctorado.lst.tfo.upm.es\/wp-content\/uploads\/2020\/09\/logo_etsit-480x150.png 480w\" sizes=\"(max-width: 300px) 100vw, 300px\" \/><\/a><\/div><\/div><div id=\"pgc-gb548-6a00c77da2472-0-1\"  class=\"panel-grid-cell\" ><div id=\"panel-gb548-6a00c77da2472-0-1-0\" class=\"so-panel widget widget_sow-editor panel-first-child\" data-index=\"1\" ><div class=\"so-widget-sow-editor so-widget-sow-editor-base\">\n<div class=\"siteorigin-widget-tinymce textwidget\">\n\t<h4><b>Coordinaci\u00f3n del Programa de Doctorado<\/b><\/h4>\n<table class=\"aligncenter\" style=\"width: 75%; margin-left: 10%;\">\n<tbody>\n<tr style=\"margin-left: 5%; margin-right: 5%; border: 0px;\">\n<td style=\"border: 0px;\"><img class=\"aligncenter\" src=\"https:\/\/doctorado.lst.tfo.upm.es\/wp-content\/uploads\/2020\/11\/mta_bn.jpg\" alt=\"\" width=\"50%\" \/><\/td>\n<td style=\"border: 0px;\"><img class=\"aligncenter\" src=\"https:\/\/doctorado.lst.tfo.upm.es\/wp-content\/uploads\/2020\/11\/jj.png\" alt=\"\" width=\"50%\" \/><\/td>\n<\/tr>\n<tr style=\"margin-left: 5%; margin-right: 5%; border: 0px;\">\n<td style=\"text-align: center; border: 0px; margin-bottom: 0%;\"><strong>Coordinadora<\/strong><br \/>\nProf. Mar\u00eda Teresa Arredondo Waldmeyer<\/td>\n<td style=\"text-align: center; border: 0px; margin-bottom: 0%;\"><strong>Secretario<\/strong><br \/>\nProf. Jos\u00e9 Javier Serrano Olmedo<\/td>\n<\/tr>\n<\/tbody>\n<\/table>\n<\/div>\n<\/div><\/div><div id=\"panel-gb548-6a00c77da2472-0-1-1\" class=\"so-panel widget widget_sow-editor\" data-index=\"2\" ><div class=\"so-widget-sow-editor so-widget-sow-editor-base\">\n<div class=\"siteorigin-widget-tinymce textwidget\">\n\t<h4><b>Informaci\u00f3n importante<\/b><\/h4>\n<ul style=\"text-align: justify;\">\n<li>Todos las solicitudes son tramitadas por la Comisi\u00f3n del Programa de Doctorado en Ingenier\u00eda Biom\u00e9dica (CAPDIB).<\/li>\n<li>La CAPDIB se re\u00fane sin periodicidad fija sino cuando es necesario por tener conocimiento de solicitudes de estudiantes o docentes o por otras causas.<\/li>\n<li>Todas las solicitudes de tramitaci\u00f3n ordinaria, extraordinaria o solicitudes de informaci\u00f3n deben dirigirse por mail, preferiblemente, a los datos de contacto indicados en este sitio web.<\/li>\n<\/ul>\n<\/div>\n<\/div><\/div><div id=\"panel-gb548-6a00c77da2472-0-1-2\" class=\"so-panel widget widget_sow-editor panel-last-child\" data-index=\"3\" ><div class=\"so-widget-sow-editor so-widget-sow-editor-base\">\n<div class=\"siteorigin-widget-tinymce textwidget\">\n\t<h4><b>Datos de contacto<\/b><\/h4>\n<p style=\"text-align: justify;\"><strong><i class=\"fas fa-at\"><\/i> \u00a0<\/strong><a tabindex=\"-1\" href=\"mailto:pd.ingbiomed@upm.es\" target=\"_blank\" rel=\"external nofollow noopener noreferrer\">pd.ingbiomed@upm.es<\/a><\/p>\n<p style=\"text-align: justify;\"><strong><i class=\"fas fa-phone\"><\/i><\/strong>\u00a0 (+34) 913 364 645, (+34) 913 367 217<\/p>\n<p style=\"text-align: justify;\"><strong><i class=\"fas fa-envelope\"><\/i><\/strong><br \/>\nJos\u00e9 Javier Serrano Olmedo<br \/>\n<em>Secretario de la CAPIB<\/em><br \/>\n<em>L307, Edificio A,<\/em><br \/>\n<em>ETSIT,<\/em><br \/>\n<em>Ciudad Universitaria n\u00ba 30,<\/em><br \/>\n<em>28040 Madrid (SPAIN)<\/em><\/p>\n<p>&nbsp;<\/p>\n<\/div>\n<\/div><\/div><\/div><\/div><\/div><\/div>","protected":false},"excerpt":{"rendered":"<p>Coordinaci\u00f3n del Programa de Doctorado Coordinadora Prof. Mar\u00eda Teresa Arredondo Waldmeyer Secretario Prof. Jos\u00e9 Javier Serrano Olmedo Informaci\u00f3n importante Todos las solicitudes son tramitadas por la Comisi\u00f3n del Programa de Doctorado en Ingenier\u00eda Biom\u00e9dica (CAPDIB). La CAPDIB se re\u00fane sin periodicidad fija sino cuando es necesario por tener conocimiento de solicitudes de estudiantes o docentes [&hellip;]<\/p>\n","protected":false},"author":1,"featured_media":0,"parent":0,"menu_order":0,"comment_status":"closed","ping_status":"closed","template":"","meta":[],"translation":{"provider":"WPGlobus","version":"2.7.6","language":"gb","enabled_languages":["es","gb"],"languages":{"es":{"title":true,"content":true,"excerpt":false},"gb":{"title":false,"content":false,"excerpt":false}}},"_links":{"self":[{"href":"https:\/\/doctorado.lst.tfo.upm.es\/gb\/wp-json\/wp\/v2\/pages\/548"}],"collection":[{"href":"https:\/\/doctorado.lst.tfo.upm.es\/gb\/wp-json\/wp\/v2\/pages"}],"about":[{"href":"https:\/\/doctorado.lst.tfo.upm.es\/gb\/wp-json\/wp\/v2\/types\/page"}],"author":[{"embeddable":true,"href":"https:\/\/doctorado.lst.tfo.upm.es\/gb\/wp-json\/wp\/v2\/users\/1"}],"replies":[{"embeddable":true,"href":"https:\/\/doctorado.lst.tfo.upm.es\/gb\/wp-json\/wp\/v2\/comments?post=548"}],"version-history":[{"count":6,"href":"https:\/\/doctorado.lst.tfo.upm.es\/gb\/wp-json\/wp\/v2\/pages\/548\/revisions"}],"predecessor-version":[{"id":836,"href":"https:\/\/doctorado.lst.tfo.upm.es\/gb\/wp-json\/wp\/v2\/pages\/548\/revisions\/836"}],"wp:attachment":[{"href":"https:\/\/doctorado.lst.tfo.upm.es\/gb\/wp-json\/wp\/v2\/media?parent=548"}],"curies":[{"name":"wp","href":"https:\/\/api.w.org\/{rel}","templated":true}]}}