{"id":66,"date":"2020-09-18T17:45:51","date_gmt":"2020-09-18T15:45:51","guid":{"rendered":"https:\/\/doctorado.lst.tfo.upm.es\/?page_id=66"},"modified":"2022-07-19T10:53:11","modified_gmt":"2022-07-19T08:53:11","slug":"dib","status":"publish","type":"page","link":"https:\/\/doctorado.lst.tfo.upm.es\/gb\/","title":{"rendered":"Home"},"content":{"rendered":"<div id=\"pl-gb66-69f32d069de97\"  class=\"panel-layout\" ><div id=\"pg-gb66-69f32d069de97-0\"  class=\"panel-grid panel-has-style\" ><div class=\"panel-row-style panel-row-style-for-gb66-69f32d069de97-0\" ><div id=\"pgc-gb66-69f32d069de97-0-0\"  class=\"panel-grid-cell\" ><div id=\"panel-gb66-69f32d069de97-0-0-0\" class=\"so-panel widget widget_sow-image panel-first-child\" data-index=\"0\" ><div class=\"so-widget-sow-image so-widget-sow-image-default-a5258576d588-66\">\n\n<div class=\"sow-image-container\">\n<a href=\"http:\/\/www.etsit.upm.es\/estudios\/doctorado\/programas-de-doctorado.html\" target=\"_blank\" rel=\"noopener noreferrer\" >\t<img src=\"https:\/\/doctorado.lst.tfo.upm.es\/wp-content\/uploads\/2020\/09\/logo_etsit-230x72.png\" width=\"230\" height=\"72\" srcset=\"https:\/\/doctorado.lst.tfo.upm.es\/wp-content\/uploads\/2020\/09\/logo_etsit-230x72.png 230w, https:\/\/doctorado.lst.tfo.upm.es\/wp-content\/uploads\/2020\/09\/logo_etsit-300x94.png 300w, https:\/\/doctorado.lst.tfo.upm.es\/wp-content\/uploads\/2020\/09\/logo_etsit-1024x320.png 1024w, https:\/\/doctorado.lst.tfo.upm.es\/wp-content\/uploads\/2020\/09\/logo_etsit-768x240.png 768w, https:\/\/doctorado.lst.tfo.upm.es\/wp-content\/uploads\/2020\/09\/logo_etsit-1536x480.png 1536w, https:\/\/doctorado.lst.tfo.upm.es\/wp-content\/uploads\/2020\/09\/logo_etsit-2048x640.png 2048w, https:\/\/doctorado.lst.tfo.upm.es\/wp-content\/uploads\/2020\/09\/logo_etsit-830x259.png 830w, https:\/\/doctorado.lst.tfo.upm.es\/wp-content\/uploads\/2020\/09\/logo_etsit-350x109.png 350w, https:\/\/doctorado.lst.tfo.upm.es\/wp-content\/uploads\/2020\/09\/logo_etsit-480x150.png 480w\" sizes=\"(max-width: 230px) 100vw, 230px\" alt=\"\" loading=\"lazy\" \t\tclass=\"so-widget-image\"\/>\n<\/a><\/div>\n\n<\/div><\/div><div id=\"panel-gb66-69f32d069de97-0-0-1\" class=\"so-panel widget widget_sow-editor\" data-index=\"1\" ><div class=\"panel-widget-style panel-widget-style-for-gb66-69f32d069de97-0-0-1\" ><div class=\"so-widget-sow-editor so-widget-sow-editor-base\">\n<div class=\"siteorigin-widget-tinymce textwidget\">\n\t<div style=\"width: 100%; background-color: #fdded5; border-radius: 10px; padding: 1%; padding-left: 5%; padding-right: 5%;\">\n<h4 style=\"text-align: justify; font-size: 1.25em; color: #00578a; width: 100%; margin-top:2%\">\u00daltimas actualizaciones<\/h4>\n<p style=\"text-align: justify; margin-top: 0%; width: 100%;\">Nueva lista de admisiones aprobadas: Disponible <a href=\"https:\/\/doctorado.lst.tfo.upm.es\/wp-content\/uploads\/2022\/07\/Lista-admisiones-PDIB-julio-2022.pdf\" target=\"_blank\" rel=\"noopener noreferrer\">aqu\u00ed<\/a><\/p>\n<\/div>\n<\/div>\n<\/div><\/div><\/div><div id=\"panel-gb66-69f32d069de97-0-0-2\" class=\"so-panel widget widget_sow-editor\" data-index=\"2\" ><div class=\"so-widget-sow-editor so-widget-sow-editor-base\">\n<div class=\"siteorigin-widget-tinymce textwidget\">\n\t<div class=\"row-home row-cards\">\n<div class=\"obj menu-home column-home element-home card card-top\" style=\"margin-right: 2%;\">\n<a href=\"https:\/\/doctorado.lst.tfo.upm.es\/objetivos-y-garantia-de-calidad\/\"><\/p>\n<div style=\"width: 100%; height: 40%;\">\n<h4 style=\"float: left; width: 60%; margin-top: 10px; margin-left: 20px; font-size: 16pt;\">Objetivos y Calidad<\/h4>\n<div id=\"img-obj\" style=\"float: right; width: 12.5%; margin-top: 10px; margin-right: 20px;\"><\/div>\n<\/div>\n<p style=\"margin: 20px; color: black; text-align: left; line-height: 125%; font-size: 11pt; width: 90%;\">Antecedentes, internacionalizaci\u00f3n y proceso de calidad del Doctorado.<\/p>\n<p>&nbsp;<br \/>\n<\/a>\n<\/div>\n<div class=\"acceso menu-home column-home element-home card card-top\" style=\"margin-right: 2%;\">\n<a href=\"https:\/\/doctorado.lst.tfo.upm.es\/acceso-y-admision\/\"><\/p>\n<div style=\"width: 100%; height: 40%;\">\n<h4 style=\"float: left; width: 60%; margin-top: 10px; margin-left: 20px; font-size: 16pt;\">Acceso y Admisi\u00f3n<\/h4>\n<div id=\"img-acceso\" style=\"float: right; width: 12.5%; margin-top: 10px; margin-right: 20px;\"><\/div>\n<\/div>\n<p style=\"margin: 20px; color: black; text-align: left; line-height: 125%; font-size: 11pt; width: 90%;\">Perfil y criterios de ingreso, modelo de tutor\u00edas y procedimiento de matriculaci\u00f3n.<\/p>\n<p>&nbsp;<br \/>\n<\/a>\n<\/div>\n<div class=\"lineas menu-home column-home element-home card card-top\">\n<a href=\"https:\/\/doctorado.lst.tfo.upm.es\/lineas-de-investigacion\/\"><\/p>\n<div style=\"width: 100%; height: 40%;\">\n<h4 style=\"float: left; width: 60%; margin-top: 10px; margin-left: 20px; font-size: 16pt;\">L\u00edneas de Investigaci\u00f3n<\/h4>\n<div id=\"img-lineas\" style=\"float: right; width: 12.5%; margin-top: 10px; margin-right: 20px;\"><\/div>\n<\/div>\n<p style=\"margin: 20px; color: black; text-align: left; line-height: 125%; font-size: 11pt; width: 90%;\">Dirigidas por profesores expertos en ingenier\u00eda y en otras disciplinas, como biolog\u00eda y medicina.<\/p>\n<p>&nbsp;<br \/>\n<\/a>\n<\/div>\n<\/div>\n<div class=\"row-home row-cards\">\n<div class=\"tesis menu-home column-home element-home card card-bottom\" style=\"margin-right: 2%; margin-top: 2%;\">\n<a href=\"https:\/\/doctorado.lst.tfo.upm.es\/tesis-doctoral\/\"><\/p>\n<div style=\"width: 100%; height: 35%;\">\n<h4 style=\"float: left; width: 60%; margin-top: 10px; margin-left: 20px; font-size: 16pt;\">Tesis Doctoral<\/h4>\n<div id=\"img-tesis\" style=\"float: right; width: 17%; margin-top: 0px; margin-right: 20px;\"><\/div>\n<\/div>\n<p style=\"margin: 20px; color: black; text-align: left; line-height: 125%; font-size: 11pt; width: 90%;\">Procedimiento, elaboraci\u00f3n, tramitaci\u00f3n y defensa.<\/p>\n<p>&nbsp;<br \/>\n<\/a>\n<\/div>\n<div class=\"coord menu-home column-home element-home card card-bottom\" style=\"margin-right: 2%; margin-top: 2%;\">\n<a href=\"https:\/\/doctorado.lst.tfo.upm.es\/coordinacion\/\"><\/p>\n<div style=\"width: 100%; height: 35%;\">\n<h4 style=\"float: left; width: 60%; margin-top: 10px; margin-left: 20px; font-size: 16pt;\">Coordinaci\u00f3n<\/h4>\n<div id=\"img-coord\" style=\"float: right; width: 15%; margin-top: 0px; margin-right: 20px;\"><\/div>\n<\/div>\n<p style=\"margin: 20px; color: black; text-align: left; line-height: 125%; font-size: 11pt; width: 90%;\">Conoce al equipo detr\u00e1s del programa de Doctorado y contacta para resolver tus dudas.<\/p>\n<p>&nbsp;<br \/>\n<\/a>\n<\/div>\n<div class=\"info menu-home column-home element-home card card-bottom\" style=\"margin-top: 2%;\">\n<a href=\"https:\/\/doctorado.lst.tfo.upm.es\/informacion-adicional\/\"><\/p>\n<div style=\"width: 100%; height: 35%;\">\n<h4 style=\"float: left; width: 60%; margin-top: 10px; margin-left: 20px; font-size: 16pt;\">Informaci\u00f3n Adicional<\/h4>\n<div id=\"img-info\" style=\"float: right; width: 15%; margin-top: 0px; margin-right: 20px;\"> <\/div>\n<\/div>\n<p style=\"margin: 20px; color: black; text-align: left; line-height: 125%; font-size: 11pt; width: 90%;\">Otros datos y enlaces de inter\u00e9s relacionados con el Doctorado.<\/p>\n<p>&nbsp;<br \/>\n<\/a>\n<\/div>\n<\/div>\n<\/div>\n<\/div><\/div><div id=\"panel-gb66-69f32d069de97-0-0-3\" class=\"so-panel widget widget_sow-editor\" data-index=\"3\" ><div class=\"panel-widget-style panel-widget-style-for-gb66-69f32d069de97-0-0-3\" ><div class=\"so-widget-sow-editor so-widget-sow-editor-base\">\n<div class=\"siteorigin-widget-tinymce textwidget\">\n\t<p style=\"text-align: justify;\">El imparable avance que ha experimentado la medicina durante la segunda mitad del siglo XX no habr\u00eda sido posible sin la aportaci\u00f3n concurrente de las nuevas tecnolog\u00edas. La investigaci\u00f3n cient\u00edfica, el desarrollo y la innovaci\u00f3n tecnol\u00f3gica en tecnolog\u00edas biom\u00e9dicas son hoy d\u00eda instrumentos fundamentales en ese panorama. Y de ah\u00ed la necesidad creciente de formaci\u00f3n de investigadores que apliquen los principios y m\u00e9todos de la ingenier\u00eda a la comprensi\u00f3n, definici\u00f3n y resoluci\u00f3n de problemas en biolog\u00eda y medicina.<\/p>\n<p style=\"text-align: justify;\">El objetivo general del programa es la adquisici\u00f3n por parte de los alumnos de la formaci\u00f3n y experiencia necesarias para abordar con posibilidades de \u00e9xito tareas investigadoras en el \u00e1mbito de la Ingenier\u00eda Biom\u00e9dica, para la realizaci\u00f3n de una tesis doctoral y el inicio de una vida dedicada a la investigaci\u00f3n cient\u00edfica en el tema.<\/p>\n<p style=\"text-align: justify;\">La Visi\u00f3n del Programa de Doctorado en IB es la de un campus, una comunidad de investigadores y l\u00edneas de investigaci\u00f3n, en el que se integrar\u00e1n los alumnos alrededor de las l\u00edneas de investigaci\u00f3n de la UPM en las Ciencias de la Vida, en estrecha colaboraci\u00f3n con las restantes actividades investigadoras de su iniciativa BioTech, en un contexto internacional y en intensa y permanente colaboraci\u00f3n con las actividades de investigaci\u00f3n e innovaci\u00f3n del entorno industrial y sanitario. La visi\u00f3n del Programa de doctorado desborda el concepto de multidisciplinariedad tradicional basado en uniones disjuntas de conocimientos y habilidades de las diversas disciplinas implicadas, optando por una formaci\u00f3n que sea capaz de gestionar creativamente la complejidad intensa e ineludible del campo, en definitiva una formaci\u00f3n no s\u00f3lo para resolver problemas sino para formular esos problemas y manejar eficientemente la complejidad y la ambig\u00fcedad omnipresente en el campo de la Ingenier\u00eda Biom\u00e9dica.<\/p>\n<p style=\"text-align: justify;\">La Misi\u00f3n el Programa de Doctorado en IB es contribuir \u00f3ptimamente a la creaci\u00f3n de una nueva generaci\u00f3n de investigadores en Ingenier\u00eda Biom\u00e9dica, sacando el m\u00e1ximo partido a la infraestructura, laboratorios, modelos experimentales e investigadores disponibles en la UPM, tanto en el Centro de Tecnolog\u00eda Biom\u00e9dica CTB como en los Grupos de investigaci\u00f3n y departamentos que participan en el programa.<\/p>\n<\/div>\n<\/div><\/div><\/div><div id=\"panel-gb66-69f32d069de97-0-0-4\" class=\"so-panel widget widget_sow-editor panel-last-child\" data-index=\"4\" ><div class=\"panel-widget-style panel-widget-style-for-gb66-69f32d069de97-0-0-4\" ><div class=\"so-widget-sow-editor so-widget-sow-editor-base\">\n<div class=\"siteorigin-widget-tinymce textwidget\">\n\t<div style=\"width: 100%; background-color: #9ec6de; border-radius: 10px; padding: 1%; padding-left: 5%; padding-right: 5%;\">\n<h4 style=\"text-align: justify; font-size: 1.25em; color: #00578a; width: 100%; margin-top:2%\">PROCESO DE RENOVACI\u00d3N DE ACREDITACION: INFORME FAVORABLE<\/h4>\n<p style=\"text-align: justify; margin-top: 0%; width: 100%;\">El PDIB realiz\u00f3 el proceso de renovaci\u00f3n peri\u00f3dica de su acreditaci\u00f3n a cargo de la Fundaci\u00f3n para el Conocimiento <a href=\"https:\/\/www.madrimasd.org\" target=\"_blank\" rel=\"noopener noreferrer\">madri+d<\/a>, a la que se envi\u00f3 a primeros de abril de 2021 un informe de autoevaluaci\u00f3n junto con las \u201cevidencias\u201d que avalan la solicitud de renovaci\u00f3n de la acreditaci\u00f3n.<\/p>\n<p style=\"text-align: justify; margin-top: 0%; width: 100%;\">Tras la presentaci\u00f3n de toda la evidencia e informaci\u00f3n solicitada, el proceso de acreditaci\u00f3n ha arrojado un resultado favorable.<\/p>\n<p style=\"text-align: justify; margin-top: 0%; width: 100%;\">Para ver el informe completo, <a href=\"https:\/\/doctorado.lst.tfo.upm.es\/wp-content\/uploads\/2022\/01\/DIB-informe_definitivo_48487.pdf\" target=\"_blank\" rel=\"noopener noreferrer\"> pincha aqu\u00ed<\/a>.<\/p>\n<\/div>\n<\/div>\n<\/div><\/div><\/div><\/div><\/div><\/div><div id=\"pg-gb66-69f32d069de97-1\"  class=\"panel-grid panel-has-style\" ><div class=\"siteorigin-panels-stretch panel-row-style panel-row-style-for-gb66-69f32d069de97-1\" id=\"home-form\" data-stretch-type=\"full\" ><div id=\"pgc-gb66-69f32d069de97-1-0\"  class=\"panel-grid-cell\" ><div id=\"panel-gb66-69f32d069de97-1-0-0\" class=\"so-panel widget widget_sow-editor panel-first-child panel-last-child\" data-index=\"5\" ><div class=\"panel-widget-style panel-widget-style-for-gb66-69f32d069de97-1-0-0\" ><div class=\"so-widget-sow-editor so-widget-sow-editor-base\">\n<div class=\"siteorigin-widget-tinymce textwidget\">\n\t<p style=\"text-align: right; color:#ffffff; font-size:18pt; font-weight:bold\">Contacto<\/p>\n<div role=\"form\" class=\"wpcf7\" id=\"wpcf7-f581-o1\" lang=\"es-ES\" dir=\"ltr\">\n<div class=\"screen-reader-response\"><p role=\"status\" aria-live=\"polite\" aria-atomic=\"true\"><\/p> <ul><\/ul><\/div>\n<form action=\"\/gb\/wp-json\/wp\/v2\/pages\/66#wpcf7-f581-o1\" method=\"post\" class=\"wpcf7-form init\" novalidate=\"novalidate\" data-status=\"init\">\n<div style=\"display: none;\">\n<input type=\"hidden\" name=\"_wpcf7\" value=\"581\" \/>\n<input type=\"hidden\" name=\"_wpcf7_version\" value=\"5.4.1\" \/>\n<input type=\"hidden\" name=\"_wpcf7_locale\" value=\"es_ES\" \/>\n<input type=\"hidden\" name=\"_wpcf7_unit_tag\" value=\"wpcf7-f581-o1\" \/>\n<input type=\"hidden\" name=\"_wpcf7_container_post\" value=\"0\" \/>\n<input type=\"hidden\" name=\"_wpcf7_posted_data_hash\" value=\"\" \/>\n<\/div>\n<p><label> Nombre y Apellidos*<br \/>\n    <span class=\"wpcf7-form-control-wrap your-name\"><input type=\"text\" name=\"your-name\" value=\"\" size=\"40\" class=\"wpcf7-form-control wpcf7-text wpcf7-validates-as-required\" aria-required=\"true\" aria-invalid=\"false\" \/><\/span> <\/label><br \/>\n<label> Correo electr\u00f3nico*<br \/>\n    <span class=\"wpcf7-form-control-wrap your-email\"><input type=\"email\" name=\"your-email\" value=\"\" size=\"40\" class=\"wpcf7-form-control wpcf7-text wpcf7-email wpcf7-validates-as-required wpcf7-validates-as-email\" aria-required=\"true\" aria-invalid=\"false\" \/><\/span> <\/label><br \/>\n<label> Tel\u00e9fono de contacto (opcional)<br \/>\n    <span class=\"wpcf7-form-control-wrap your-number\"><input type=\"text\" name=\"your-number\" value=\"\" size=\"40\" class=\"wpcf7-form-control wpcf7-text\" aria-invalid=\"false\" \/><\/span> <\/label><br \/>\n<label> Asunto*<br \/>\n    <span class=\"wpcf7-form-control-wrap your-subject\"><input type=\"text\" name=\"your-subject\" value=\"\" size=\"40\" class=\"wpcf7-form-control wpcf7-text wpcf7-validates-as-required\" aria-required=\"true\" aria-invalid=\"false\" \/><\/span> <\/label><br \/>\n<label> Mensaje*<br \/>\n    <span class=\"wpcf7-form-control-wrap your-message\"><textarea name=\"your-message\" cols=\"40\" rows=\"10\" class=\"wpcf7-form-control wpcf7-textarea wpcf7-validates-as-required\" aria-required=\"true\" aria-invalid=\"false\"><\/textarea><\/span> <\/label><br \/>\n<input type=\"submit\" value=\"Enviar\" class=\"wpcf7-form-control wpcf7-submit\" \/><\/p>\n<div class=\"wpcf7-response-output\" aria-hidden=\"true\"><\/div><\/form><\/div>\n<\/div>\n<\/div><\/div><\/div><\/div><\/div><\/div><\/div>","protected":false},"excerpt":{"rendered":"<p>\u00daltimas actualizaciones Nueva lista de admisiones aprobadas: Disponible aqu\u00ed Objetivos y Calidad Antecedentes, internacionalizaci\u00f3n y proceso de calidad del Doctorado. &nbsp; Acceso y Admisi\u00f3n Perfil y criterios de ingreso, modelo de tutor\u00edas y procedimiento de matriculaci\u00f3n. &nbsp; L\u00edneas de Investigaci\u00f3n Dirigidas por profesores expertos en ingenier\u00eda y en otras disciplinas, como biolog\u00eda y medicina. &nbsp; [&hellip;]<\/p>\n","protected":false},"author":1,"featured_media":0,"parent":0,"menu_order":0,"comment_status":"closed","ping_status":"closed","template":"page-templates\/page_fullwidth.php","meta":[],"translation":{"provider":"WPGlobus","version":"2.7.6","language":"gb","enabled_languages":["es","gb"],"languages":{"es":{"title":true,"content":true,"excerpt":false},"gb":{"title":false,"content":false,"excerpt":false}}},"_links":{"self":[{"href":"https:\/\/doctorado.lst.tfo.upm.es\/gb\/wp-json\/wp\/v2\/pages\/66"}],"collection":[{"href":"https:\/\/doctorado.lst.tfo.upm.es\/gb\/wp-json\/wp\/v2\/pages"}],"about":[{"href":"https:\/\/doctorado.lst.tfo.upm.es\/gb\/wp-json\/wp\/v2\/types\/page"}],"author":[{"embeddable":true,"href":"https:\/\/doctorado.lst.tfo.upm.es\/gb\/wp-json\/wp\/v2\/users\/1"}],"replies":[{"embeddable":true,"href":"https:\/\/doctorado.lst.tfo.upm.es\/gb\/wp-json\/wp\/v2\/comments?post=66"}],"version-history":[{"count":215,"href":"https:\/\/doctorado.lst.tfo.upm.es\/gb\/wp-json\/wp\/v2\/pages\/66\/revisions"}],"predecessor-version":[{"id":1211,"href":"https:\/\/doctorado.lst.tfo.upm.es\/gb\/wp-json\/wp\/v2\/pages\/66\/revisions\/1211"}],"wp:attachment":[{"href":"https:\/\/doctorado.lst.tfo.upm.es\/gb\/wp-json\/wp\/v2\/media?parent=66"}],"curies":[{"name":"wp","href":"https:\/\/api.w.org\/{rel}","templated":true}]}}